{"id":2122,"date":"2019-05-15T09:05:01","date_gmt":"2019-05-15T14:05:01","guid":{"rendered":"https:\/\/deportevirtual.com\/hercules\/?page_id=2122"},"modified":"2019-05-21T10:35:57","modified_gmt":"2019-05-21T15:35:57","slug":"pase-spectator-id","status":"publish","type":"page","link":"https:\/\/deportevirtual.com\/hercules\/mega-eventos-deportivos\/pase-spectator-id\/","title":{"rendered":"Pase Spectator ID"},"content":{"rendered":"<p><div class=\"fusion-fullwidth fullwidth-box fusion-builder-row-1 nonhundred-percent-fullwidth non-hundred-percent-height-scrolling\" style=\"background-color: #f6f7fa;background-position: center center;background-repeat: no-repeat;padding-top:50px;padding-right:0px;padding-bottom:20px;padding-left:0px;margin-bottom: 0px;margin-top: 0px;border-width: 0px 0px 0px 0px;border-color:#eae9e9;border-style:solid;\" ><div class=\"fusion-builder-row fusion-row\"><div class=\"fusion-layout-column fusion_builder_column fusion-builder-column-0 fusion_builder_column_1_1 1_1 fusion-one-full fusion-column-first fusion-column-last\" style=\"margin-top:0px;margin-bottom:0px;\"><div class=\"fusion-column-wrapper fusion-flex-column-wrapper-legacy\" style=\"background-position:left top;background-repeat:no-repeat;-webkit-background-size:cover;-moz-background-size:cover;-o-background-size:cover;background-size:cover;padding: 0px 0px 0px 0px;\"><div class=\"imageframe-align-center\"><span class=\" fusion-imageframe imageframe-none imageframe-1 hover-type-none iconogris\" style=\"width:100%;max-width:120px;\"><img decoding=\"async\" width=\"256\" height=\"256\" title=\"espectadores\" src=\"https:\/\/deportevirtual.com\/hercules\/wp-content\/uploads\/2019\/05\/espectadores.png\" class=\"img-responsive wp-image-2125\" srcset=\"https:\/\/deportevirtual.com\/hercules\/wp-content\/uploads\/2019\/05\/espectadores-200x200.png 200w, https:\/\/deportevirtual.com\/hercules\/wp-content\/uploads\/2019\/05\/espectadores.png 256w\" sizes=\"(max-width: 1051px) 100vw, 256px\" \/><\/span><\/div><style type=\"text\/css\"><\/style><div class=\"fusion-title title fusion-title-1 fusion-sep-none fusion-title-center fusion-title-text fusion-title-size-four\" style=\"margin-top:0px;margin-bottom:31px;\"><h4 class=\"title-heading-center\" style=\"margin:0;\"><p><span style=\"font-weight: 400;\">Identifique a todos los espectadores de los juegos y controle el acceso a los escenarios deportivos o zonas comunes, contribuyendo a la seguridad del evento y ayudando a una experiencia m\u00e1s confortable.<\/span><\/p>\n<p><span style=\"font-weight: 400;\">Contemplando los miles de asistentes a los juegos, este m\u00f3dulo de H\u00e9rcules\u2122 permite conocer qui\u00e9nes se encuentran, a qu\u00e9 hora ingresaron y en qu\u00e9 escenarios, todo en tiempo real. Esta informaci\u00f3n es fundamental para contribuir a la seguridad de los juegos y disminuir el riesgo de atentados o reaccionar ante una emergencia.<\/span><\/p><\/h4><\/div><div class=\"fusion-clearfix\"><\/div><\/div><\/div><\/div><\/div><div class=\"fusion-fullwidth fullwidth-box fusion-builder-row-2 nonhundred-percent-fullwidth non-hundred-percent-height-scrolling\" style=\"background-color: #ffffff;background-position: center center;background-repeat: no-repeat;padding-top:50px;padding-right:0px;padding-bottom:20px;padding-left:0px;margin-bottom: 0px;margin-top: 0px;border-width: 1px 0px 1px 0px;border-color:#eae9e9;border-style:solid;\" ><div class=\"fusion-builder-row fusion-row\"><div class=\"fusion-layout-column fusion_builder_column fusion-builder-column-1 fusion_builder_column_1_2 1_2 fusion-one-half fusion-column-first\" style=\"width:50%;width:calc(50% - ( ( 4% ) * 0.5 ) );margin-right: 4%;margin-top:0px;margin-bottom:0px;\"><div class=\"fusion-column-wrapper fusion-flex-column-wrapper-legacy\" style=\"background-position:left top;background-repeat:no-repeat;-webkit-background-size:cover;-moz-background-size:cover;-o-background-size:cover;background-size:cover;padding: 0px 0px 0px 0px;\"><style type=\"text\/css\"><\/style><div class=\"fusion-title title fusion-title-2 fusion-sep-none fusion-title-text fusion-title-size-four\" style=\"margin-top:0px;margin-bottom:31px;\"><h4 class=\"title-heading-right\" style=\"margin:0;\"><span style=\"font-weight: 400;\">Principales Comisiones de trabajo de los juegos beneficiadas con este servicio: <\/span><\/h4><\/div><div class=\"fusion-clearfix\"><\/div><\/div><\/div><div class=\"fusion-layout-column fusion_builder_column fusion-builder-column-2 fusion_builder_column_1_2 1_2 fusion-one-half fusion-column-last\" style=\"width:50%;width:calc(50% - ( ( 4% ) * 0.5 ) );margin-top:-3px;margin-bottom:0px;\"><div class=\"fusion-column-wrapper fusion-flex-column-wrapper-legacy\" style=\"background-position:left top;background-repeat:no-repeat;-webkit-background-size:cover;-moz-background-size:cover;-o-background-size:cover;background-size:cover;padding: 0px 0px 0px 0px;\"><ul class=\"fusion-checklist fusion-checklist-1\" style=\"font-size:14px;line-height:23.8px;\"><li class=\"fusion-li-item\"><span style=\"height:23.8px;width:23.8px;margin-right:9.8px;\" class=\"icon-wrapper circle-no\"><i class=\"fusion-li-icon fa-check fas\" style=\"color:#ff9800;\" aria-hidden=\"true\"><\/i><\/span><div class=\"fusion-li-item-content\" style=\"margin-left:33.6px;\">\n<p><span style=\"font-weight: 400;\">Comisi\u00f3n de seguridad<\/span><\/p>\n<\/div><\/li><\/ul><div class=\"fusion-clearfix\"><\/div><\/div><\/div><\/div><\/div><div class=\"fusion-fullwidth fullwidth-box fusion-builder-row-3 nonhundred-percent-fullwidth non-hundred-percent-height-scrolling\" style=\"background-color: rgba(255,255,255,0);background-position: center center;background-repeat: no-repeat;padding-top:50px;padding-right:0px;padding-bottom:20px;padding-left:0px;margin-bottom: 0px;margin-top: 0px;border-width: 0px 0px 0px 0px;border-color:#eae9e9;border-style:solid;\" ><div class=\"fusion-builder-row fusion-row\"><div class=\"fusion-layout-column fusion_builder_column fusion-builder-column-3 fusion_builder_column_1_1 1_1 fusion-one-full fusion-column-first fusion-column-last\" style=\"margin-top:0px;margin-bottom:0px;\"><div class=\"fusion-column-wrapper fusion-flex-column-wrapper-legacy\" style=\"background-position:left top;background-repeat:no-repeat;-webkit-background-size:cover;-moz-background-size:cover;-o-background-size:cover;background-size:cover;padding: 0px 0px 0px 0px;\"><style type=\"text\/css\"><\/style><div class=\"fusion-title title fusion-title-3 fusion-title-center fusion-title-text fusion-title-size-three\" style=\"margin-top:0px;margin-bottom:31px;\"><div class=\"title-sep-container title-sep-container-left\"><div class=\"title-sep sep-single sep-solid\" style=\"border-color:#e0dede;\"><\/div><\/div><h3 class=\"title-heading-center\" style=\"margin:0;\">Caracter\u00edsticas de H\u00e9rcules\u2122<\/h3><div class=\"title-sep-container title-sep-container-right\"><div class=\"title-sep sep-single sep-solid\" style=\"border-color:#e0dede;\"><\/div><\/div><\/div><div class=\"fusion-flip-boxes flip-boxes row fusion-columns-3 flip-effect-classic equal-heights flipnormal iconogris\"><div class=\"fusion-flip-box-wrapper fusion-column col-lg-4 col-md-4 col-sm-4\"><div class=\"fusion-flip-box flip-right\" tabindex=\"0\"><div class=\"flip-box-inner-wrapper\"><div class=\"flip-box-front\" style=\"background-color:#f6f7fa;border-color:rgba(0,0,0,0);border-radius:4px;border-style:solid;border-width:1px;color:#607d8b;transition-duration:0.4s;\"><div class=\"flip-box-front-inner\"><div class=\"flip-box-grafix flip-box-image\"><img decoding=\"async\" src=\"https:\/\/deportevirtual.com\/hercules\/wp-content\/uploads\/2019\/05\/inscripciones.png\" width=\"80\" height=\"80\" alt=\"\" \/><\/div><h2 class=\"flip-box-heading without-text\" style=\"color:#607d8b;\">Registro de Espectadores<\/h2><\/div><\/div><div class=\"flip-box-back\" style=\"background-color:#1e2449;border-color:rgba(0,0,0,0);border-radius:4px;border-style:solid;border-width:1px;color:#ffffff;transition-duration:0.4s;\"><div class=\"flip-box-back-inner\">\n<p><span style=\"font-weight: 400;\">Todos los espectadores deben registrase por medio del sitio web oficial de los juegos provisto por H\u00e9rcules\u2122, diligenciando un formulario completamente parametrizable por el comit\u00e9 organizador en donde dejar\u00e1n sus principales datos de contacto. Esta informaci\u00f3n eventualmente podr\u00e1 ser cruzada con otras bases de datos de las fuerzas policiales locales.<\/span><\/p>\n<\/div><\/div><\/div><\/div><\/div><div class=\"fusion-flip-box-wrapper fusion-column col-lg-4 col-md-4 col-sm-4\"><div class=\"fusion-flip-box flip-right\" tabindex=\"0\"><div class=\"flip-box-inner-wrapper\"><div class=\"flip-box-front\" style=\"background-color:#f6f7fa;border-color:rgba(0,0,0,0);border-radius:4px;border-style:solid;border-width:1px;color:#607d8b;transition-duration:0.4s;\"><div class=\"flip-box-front-inner\"><div class=\"flip-box-grafix flip-box-image\"><img decoding=\"async\" src=\"https:\/\/deportevirtual.com\/hercules\/wp-content\/uploads\/2019\/05\/acreditaciones2.png\" width=\"80\" height=\"80\" alt=\"\" \/><\/div><h2 class=\"flip-box-heading without-text\" style=\"color:#607d8b;\">Spectator ID f\u00edsico<\/h2><\/div><\/div><div class=\"flip-box-back\" style=\"background-color:#1e2449;border-color:rgba(0,0,0,0);border-radius:4px;border-style:solid;border-width:1px;color:#ffffff;transition-duration:0.4s;\"><div class=\"flip-box-back-inner\">\n<p><span style=\"font-weight: 400;\">Documento generado en forma similar a una acreditaci\u00f3n con dise\u00f1o personalizado e integraci\u00f3n de control de acceso a escenarios. Tambi\u00e9n disponible por medio de manillas f\u00edsicas.<\/span><\/p>\n<\/div><\/div><\/div><\/div><\/div><div class=\"fusion-flip-box-wrapper fusion-column col-lg-4 col-md-4 col-sm-4\"><div class=\"fusion-flip-box flip-right\" tabindex=\"0\"><div class=\"flip-box-inner-wrapper\"><div class=\"flip-box-front\" style=\"background-color:#f6f7fa;border-color:rgba(0,0,0,0);border-radius:4px;border-style:solid;border-width:1px;color:#607d8b;transition-duration:0.4s;\"><div class=\"flip-box-front-inner\"><div class=\"flip-box-grafix flip-box-image\"><img decoding=\"async\" src=\"https:\/\/deportevirtual.com\/hercules\/wp-content\/uploads\/2019\/05\/qr.png\" width=\"80\" height=\"80\" alt=\"\" \/><\/div><h2 class=\"flip-box-heading without-text\" style=\"color:#607d8b;\">Spectator ID Digital<\/h2><\/div><\/div><div class=\"flip-box-back\" style=\"background-color:#1e2449;border-color:rgba(0,0,0,0);border-radius:4px;border-style:solid;border-width:1px;color:#ffffff;transition-duration:0.4s;\"><div class=\"flip-box-back-inner\">\n<p><span style=\"font-weight: 400;\">Documento electr\u00f3nico disponible para guardar en el celular y mostrar en cada punto de control.<\/span><\/p>\n<\/div><\/div><\/div><\/div><\/div><div class=\"fusion-flip-box-wrapper fusion-column col-lg-4 col-md-4 col-sm-4\"><div class=\"fusion-flip-box flip-right\" tabindex=\"0\"><div class=\"flip-box-inner-wrapper\"><div class=\"flip-box-front\" style=\"background-color:#f6f7fa;border-color:rgba(0,0,0,0);border-radius:4px;border-style:solid;border-width:1px;color:#607d8b;transition-duration:0.4s;\"><div class=\"flip-box-front-inner\"><div class=\"flip-box-grafix flip-box-image\"><img decoding=\"async\" src=\"https:\/\/deportevirtual.com\/hercules\/wp-content\/uploads\/2019\/05\/acceso.png\" width=\"80\" height=\"80\" alt=\"\" \/><\/div><h2 class=\"flip-box-heading without-text\" style=\"color:#607d8b;\">Control de acceso a zonas comunes y escenarios<\/h2><\/div><\/div><div class=\"flip-box-back\" style=\"background-color:#1e2449;border-color:rgba(0,0,0,0);border-radius:4px;border-style:solid;border-width:1px;color:#ffffff;transition-duration:0.4s;\"><div class=\"flip-box-back-inner\">\n<p><span style=\"font-weight: 400;\">Establezca un control estricto permitiendo ingresar a los escenarios deportivos a los espectadores que cuenten con el Spectator ID F\u00edsico o Digital. Este pase ser\u00e1 le\u00eddo por una pistola lectora de c\u00f3digo de barras y H\u00e9rcules\u2122 informar\u00e1 si el pase est\u00e1 activo.<\/span><\/p>\n<\/div><\/div><\/div><\/div><\/div><div class=\"fusion-flip-box-wrapper fusion-column col-lg-4 col-md-4 col-sm-4\"><div class=\"fusion-flip-box flip-right\" tabindex=\"0\"><div class=\"flip-box-inner-wrapper\"><div class=\"flip-box-front\" style=\"background-color:#f6f7fa;border-color:rgba(0,0,0,0);border-radius:4px;border-style:solid;border-width:1px;color:#607d8b;transition-duration:0.4s;\"><div class=\"flip-box-front-inner\"><div class=\"flip-box-grafix flip-box-image\"><img decoding=\"async\" src=\"https:\/\/deportevirtual.com\/hercules\/wp-content\/uploads\/2019\/05\/anulacion.png\" width=\"80\" height=\"80\" alt=\"\" \/><\/div><h2 class=\"flip-box-heading without-text\" style=\"color:#607d8b;\">Anulaci\u00f3n del Spectator ID<\/h2><\/div><\/div><div class=\"flip-box-back\" style=\"background-color:#1e2449;border-color:rgba(0,0,0,0);border-radius:4px;border-style:solid;border-width:1px;color:#ffffff;transition-duration:0.4s;\"><div class=\"flip-box-back-inner\">\n<p><span style=\"font-weight: 400;\">El pase del espectador puede ser anulado a discreci\u00f3n del comit\u00e9 organizador de los juegos, por mal comportamiento del espectador, de forma que cuando se presente en un escenario H\u00e9rcules\u2122 rechazar\u00e1 su acceso. \u00a0<\/span><\/p>\n<\/div><\/div><\/div><\/div><\/div><div class=\"fusion-flip-box-wrapper fusion-column col-lg-4 col-md-4 col-sm-4\"><div class=\"fusion-flip-box flip-right\" tabindex=\"0\"><div class=\"flip-box-inner-wrapper\"><div class=\"flip-box-front\" style=\"background-color:#f6f7fa;border-color:rgba(0,0,0,0);border-radius:4px;border-style:solid;border-width:1px;color:#607d8b;transition-duration:0.4s;\"><div class=\"flip-box-front-inner\"><div class=\"flip-box-grafix flip-box-image\"><img decoding=\"async\" src=\"https:\/\/deportevirtual.com\/hercules\/wp-content\/uploads\/2019\/05\/reporte.png\" width=\"80\" height=\"80\" alt=\"\" \/><\/div><h2 class=\"flip-box-heading without-text\" style=\"color:#607d8b;\">Reportes de acceso<\/h2><\/div><\/div><div class=\"flip-box-back\" style=\"background-color:#1e2449;border-color:rgba(0,0,0,0);border-radius:4px;border-style:solid;border-width:1px;color:#ffffff;transition-duration:0.4s;\"><div class=\"flip-box-back-inner\">\n<p><span style=\"font-weight: 400;\">Consulte reportes detallados de qui\u00e9nes acceden a la cada escenario conociendo la fecha, hora de acceso, hora de salida y duraci\u00f3n de la visita.<\/span><\/p>\n<\/div><\/div><\/div><\/div><\/div><\/div><div class=\"clearfix\"><\/div><div class=\"fusion-clearfix\"><\/div><\/div><\/div><\/div><\/div><div class=\"fusion-fullwidth fullwidth-box fusion-builder-row-4 nonhundred-percent-fullwidth non-hundred-percent-height-scrolling\" style=\"background-color: #1e2449;background-position: center center;background-repeat: no-repeat;padding-top:50px;padding-right:0px;padding-bottom:20px;padding-left:0px;margin-bottom: 0px;margin-top: 0px;border-width: 0px 0px 0px 0px;border-color:#eae9e9;border-style:solid;\" ><div class=\"fusion-builder-row fusion-row\"><div class=\"fusion-layout-column fusion_builder_column fusion-builder-column-4 fusion_builder_column_1_1 1_1 fusion-one-full fusion-column-first fusion-column-last\" style=\"margin-top:0px;margin-bottom:0px;\"><div class=\"fusion-column-wrapper fusion-flex-column-wrapper-legacy\" style=\"background-position:left top;background-repeat:no-repeat;-webkit-background-size:cover;-moz-background-size:cover;-o-background-size:cover;background-size:cover;padding: 0px 0px 0px 0px;\"><div class=\"imageframe-align-center\"><span class=\" fusion-imageframe imageframe-none imageframe-2 hover-type-none\" style=\"width:100%;max-width:350px;\"><img decoding=\"async\" width=\"843\" height=\"191\" title=\"logo-hercules\" src=\"https:\/\/deportevirtual.com\/hercules\/wp-content\/uploads\/2016\/08\/logo-hercules.png\" class=\"img-responsive wp-image-693\" srcset=\"https:\/\/deportevirtual.com\/hercules\/wp-content\/uploads\/2016\/08\/logo-hercules-200x45.png 200w, https:\/\/deportevirtual.com\/hercules\/wp-content\/uploads\/2016\/08\/logo-hercules-400x91.png 400w, https:\/\/deportevirtual.com\/hercules\/wp-content\/uploads\/2016\/08\/logo-hercules-600x136.png 600w, https:\/\/deportevirtual.com\/hercules\/wp-content\/uploads\/2016\/08\/logo-hercules-800x181.png 800w, https:\/\/deportevirtual.com\/hercules\/wp-content\/uploads\/2016\/08\/logo-hercules.png 843w\" sizes=\"(max-width: 1051px) 100vw, 843px\" \/><\/span><\/div><div class=\"fusion-sep-clear\"><\/div><div class=\"fusion-separator fusion-full-width-sep\" style=\"margin-left: auto;margin-right: auto;margin-top:20px;width:100%;\"><\/div><div class=\"fusion-sep-clear\"><\/div><style type=\"text\/css\"><\/style><div class=\"fusion-title title fusion-title-4 fusion-sep-none fusion-title-center fusion-title-text fusion-title-size-four\" style=\"margin-top:0px;margin-bottom:31px;\"><h4 class=\"title-heading-center\" style=\"margin:0;color:#ffffff;\"><p style=\"text-align: center;\"><i><span style=\"font-weight: 400;\">La herramienta de apoyo a la comisi\u00f3n de seguridad de los juegos.<\/span><\/i><\/p><\/h4><\/div><div class=\"fusion-clearfix\"><\/div><\/div><\/div><\/div><\/div><div class=\"fusion-fullwidth fullwidth-box fusion-builder-row-5 fusion-parallax-fixed nonhundred-percent-fullwidth non-hundred-percent-height-scrolling\" style=\"background-color: rgba(255,255,255,0);background-image: url(&quot;https:\/\/deportevirtual.com\/hercules\/wp-content\/uploads\/2019\/05\/fondo-escenario.jpg&quot;);background-position: center center;background-repeat: no-repeat;padding-top:50px;padding-right:0px;padding-bottom:20px;padding-left:0px;margin-bottom: 0px;margin-top: 0px;border-width: 0px 0px 0px 0px;border-color:#eae9e9;border-style:solid;-webkit-background-size:cover;-moz-background-size:cover;-o-background-size:cover;background-size:cover;background-attachment:fixed;\" ><div class=\"fusion-builder-row fusion-row\"><div class=\"fusion-layout-column fusion_builder_column fusion-builder-column-5 fusion_builder_column_1_1 1_1 fusion-one-full fusion-column-first fusion-column-last\" style=\"margin-top:0px;margin-bottom:0px;\"><div class=\"fusion-column-wrapper fusion-flex-column-wrapper-legacy\" style=\"background-position:left top;background-repeat:no-repeat;-webkit-background-size:cover;-moz-background-size:cover;-o-background-size:cover;background-size:cover;padding: 0px 0px 0px 0px;\"><style type=\"text\/css\"><\/style><div class=\"fusion-title title fusion-title-5 fusion-title-center fusion-title-text fusion-title-size-three\" style=\"margin-top:0px;margin-bottom:31px;\"><div class=\"title-sep-container title-sep-container-left\"><div class=\"title-sep sep-single sep-solid\" style=\"border-color:#e0dede;\"><\/div><\/div><h3 class=\"title-heading-center\" style=\"margin:0;\">Servicios proporcionados por Deporte Virtual\u00ae<\/h3><div class=\"title-sep-container title-sep-container-right\"><div class=\"title-sep sep-single sep-solid\" style=\"border-color:#e0dede;\"><\/div><\/div><\/div><div class=\"fusion-flip-boxes flip-boxes row fusion-columns-3 flip-effect-classic equal-heights flipnormal iconogris\"><div class=\"fusion-flip-box-wrapper fusion-column col-lg-4 col-md-4 col-sm-4\"><div class=\"fusion-flip-box flip-right\" tabindex=\"0\"><div class=\"flip-box-inner-wrapper\"><div class=\"flip-box-front\" style=\"background-color:#f6f7fa;border-color:rgba(0,0,0,0);border-radius:4px;border-style:solid;border-width:1px;color:#607d8b;transition-duration:0.4s;\"><div class=\"flip-box-front-inner\"><div class=\"flip-box-grafix flip-box-image\"><img decoding=\"async\" src=\"https:\/\/deportevirtual.com\/hercules\/wp-content\/uploads\/2019\/05\/configura.png\" width=\"80\" height=\"80\" alt=\"\" \/><\/div><h2 class=\"flip-box-heading without-text\" style=\"color:#607d8b;\">Configuraci\u00f3n total del proceso de control de espectadores<\/h2><\/div><\/div><div class=\"flip-box-back\" style=\"background-color:#1e2449;border-color:rgba(0,0,0,0);border-radius:4px;border-style:solid;border-width:1px;color:#ffffff;transition-duration:0.4s;\"><div class=\"flip-box-back-inner\">\n<p><span style=\"font-weight: 400;\">Nos encargamos de preparar el sitio web para el registro de espectadores, parametrizar el formulario de inscripci\u00f3n, configurar el m\u00f3dulo para que pueda generar los pases Spectator ID\u2122 y acondicionar los m\u00f3dulos de control de acceso.<\/span><\/p>\n<\/div><\/div><\/div><\/div><\/div><div class=\"fusion-flip-box-wrapper fusion-column col-lg-4 col-md-4 col-sm-4\"><div class=\"fusion-flip-box flip-right\" tabindex=\"0\"><div class=\"flip-box-inner-wrapper\"><div class=\"flip-box-front\" style=\"background-color:#f6f7fa;border-color:rgba(0,0,0,0);border-radius:4px;border-style:solid;border-width:1px;color:#607d8b;transition-duration:0.4s;\"><div class=\"flip-box-front-inner\"><div class=\"flip-box-grafix flip-box-image\"><img decoding=\"async\" src=\"https:\/\/deportevirtual.com\/hercules\/wp-content\/uploads\/2019\/05\/punto-acceso.png\" width=\"80\" height=\"80\" alt=\"\" \/><\/div><h2 class=\"flip-box-heading without-text\" style=\"color:#607d8b;\">Implementaci\u00f3n de puntos de control de acceso<\/h2><\/div><\/div><div class=\"flip-box-back\" style=\"background-color:#1e2449;border-color:rgba(0,0,0,0);border-radius:4px;border-style:solid;border-width:1px;color:#ffffff;transition-duration:0.4s;\"><div class=\"flip-box-back-inner\">\n<p><span style=\"font-weight: 400;\">Suministramos las estaciones de control, incluyendo computadores, pistolas lectoras de c\u00f3digo de barras, conexi\u00f3n a internet y personal entrenado.<\/span><\/p>\n<\/div><\/div><\/div><\/div><\/div><div class=\"fusion-flip-box-wrapper fusion-column col-lg-4 col-md-4 col-sm-4\"><div class=\"fusion-flip-box flip-right\" tabindex=\"0\"><div class=\"flip-box-inner-wrapper\"><div class=\"flip-box-front\" style=\"background-color:#f6f7fa;border-color:rgba(0,0,0,0);border-radius:4px;border-style:solid;border-width:1px;color:#607d8b;transition-duration:0.4s;\"><div class=\"flip-box-front-inner\"><div class=\"flip-box-grafix flip-box-image\"><img decoding=\"async\" src=\"https:\/\/deportevirtual.com\/hercules\/wp-content\/uploads\/2019\/05\/sobres-1.png\" width=\"80\" height=\"80\" alt=\"\" \/><\/div><h2 class=\"flip-box-heading without-text\" style=\"color:#607d8b;\">Generaci\u00f3n de Informes <\/h2><\/div><\/div><div class=\"flip-box-back\" style=\"background-color:#1e2449;border-color:rgba(0,0,0,0);border-radius:4px;border-style:solid;border-width:1px;color:#ffffff;transition-duration:0.4s;\"><div class=\"flip-box-back-inner\">\n<p><span style=\"font-weight: 400;\">A solicitud del comit\u00e9 organizador, proporcionamos informaci\u00f3n detallada al instante sobre cualquier persona que haya ingresado o presentado su tarjeta Spectator ID.<\/span><\/p>\n<\/div><\/div><\/div><\/div><\/div><\/div><div class=\"clearfix\"><\/div><div class=\"fusion-clearfix\"><\/div><\/div><\/div><\/div><\/div><\/p>\n","protected":false},"excerpt":{"rendered":"","protected":false},"author":1,"featured_media":0,"parent":1527,"menu_order":0,"comment_status":"closed","ping_status":"closed","template":"100-width.php","meta":{"footnotes":""},"class_list":["post-2122","page","type-page","status-publish","hentry"],"_links":{"self":[{"href":"https:\/\/deportevirtual.com\/hercules\/wp-json\/wp\/v2\/pages\/2122","targetHints":{"allow":["GET"]}}],"collection":[{"href":"https:\/\/deportevirtual.com\/hercules\/wp-json\/wp\/v2\/pages"}],"about":[{"href":"https:\/\/deportevirtual.com\/hercules\/wp-json\/wp\/v2\/types\/page"}],"author":[{"embeddable":true,"href":"https:\/\/deportevirtual.com\/hercules\/wp-json\/wp\/v2\/users\/1"}],"replies":[{"embeddable":true,"href":"https:\/\/deportevirtual.com\/hercules\/wp-json\/wp\/v2\/comments?post=2122"}],"version-history":[{"count":7,"href":"https:\/\/deportevirtual.com\/hercules\/wp-json\/wp\/v2\/pages\/2122\/revisions"}],"predecessor-version":[{"id":2348,"href":"https:\/\/deportevirtual.com\/hercules\/wp-json\/wp\/v2\/pages\/2122\/revisions\/2348"}],"up":[{"embeddable":true,"href":"https:\/\/deportevirtual.com\/hercules\/wp-json\/wp\/v2\/pages\/1527"}],"wp:attachment":[{"href":"https:\/\/deportevirtual.com\/hercules\/wp-json\/wp\/v2\/media?parent=2122"}],"curies":[{"name":"wp","href":"https:\/\/api.w.org\/{rel}","templated":true}]}}