{"id":2060,"date":"2019-05-14T14:46:25","date_gmt":"2019-05-14T19:46:25","guid":{"rendered":"https:\/\/deportevirtual.com\/hercules\/?page_id=2060"},"modified":"2019-05-21T10:34:19","modified_gmt":"2019-05-21T15:34:19","slug":"certificados-y-diplomas-de-participacion","status":"publish","type":"page","link":"https:\/\/deportevirtual.com\/hercules\/mega-eventos-deportivos\/certificados-y-diplomas-de-participacion\/","title":{"rendered":"Certificados y Diplomas de Participaci\u00f3n"},"content":{"rendered":"<p><div class=\"fusion-fullwidth fullwidth-box fusion-builder-row-1 nonhundred-percent-fullwidth non-hundred-percent-height-scrolling\" style=\"background-color: #f6f7fa;background-position: center center;background-repeat: no-repeat;padding-top:50px;padding-right:0px;padding-bottom:20px;padding-left:0px;margin-bottom: 0px;margin-top: 0px;border-width: 0px 0px 0px 0px;border-color:#eae9e9;border-style:solid;\" ><div class=\"fusion-builder-row fusion-row\"><div class=\"fusion-layout-column fusion_builder_column fusion-builder-column-0 fusion_builder_column_1_1 1_1 fusion-one-full fusion-column-first fusion-column-last\" style=\"margin-top:0px;margin-bottom:0px;\"><div class=\"fusion-column-wrapper fusion-flex-column-wrapper-legacy\" style=\"background-position:left top;background-repeat:no-repeat;-webkit-background-size:cover;-moz-background-size:cover;-o-background-size:cover;background-size:cover;padding: 0px 0px 0px 0px;\"><div class=\"imageframe-align-center\"><span class=\" fusion-imageframe imageframe-none imageframe-1 hover-type-none iconogris\" style=\"width:100%;max-width:120px;\"><img decoding=\"async\" width=\"256\" height=\"256\" title=\"certificacion\" src=\"https:\/\/deportevirtual.com\/hercules\/wp-content\/uploads\/2019\/05\/certificacion.png\" class=\"img-responsive wp-image-1766\" srcset=\"https:\/\/deportevirtual.com\/hercules\/wp-content\/uploads\/2019\/05\/certificacion-200x200.png 200w, https:\/\/deportevirtual.com\/hercules\/wp-content\/uploads\/2019\/05\/certificacion.png 256w\" sizes=\"(max-width: 1051px) 100vw, 256px\" \/><\/span><\/div><style type=\"text\/css\"><\/style><div class=\"fusion-title title fusion-title-1 fusion-sep-none fusion-title-center fusion-title-text fusion-title-size-four\" style=\"margin-top:0px;margin-bottom:31px;\"><h4 class=\"title-heading-center\" style=\"margin:0;\"><span style=\"font-weight: 400;\">Realizamos la asesor\u00eda en dise\u00f1os, configuraciones, producci\u00f3n y entrega a los distintos grupos de inscripci\u00f3n.<\/span><\/h4><\/div><div class=\"fusion-clearfix\"><\/div><\/div><\/div><\/div><\/div><div class=\"fusion-fullwidth fullwidth-box fusion-builder-row-2 nonhundred-percent-fullwidth non-hundred-percent-height-scrolling\" style=\"background-color: #ffffff;background-position: center center;background-repeat: no-repeat;padding-top:50px;padding-right:0px;padding-bottom:20px;padding-left:0px;margin-bottom: 0px;margin-top: 0px;border-width: 1px 0px 1px 0px;border-color:#eae9e9;border-style:solid;\" ><div class=\"fusion-builder-row fusion-row\"><div class=\"fusion-layout-column fusion_builder_column fusion-builder-column-1 fusion_builder_column_1_2 1_2 fusion-one-half fusion-column-first\" style=\"width:50%;width:calc(50% - ( ( 4% ) * 0.5 ) );margin-right: 4%;margin-top:0px;margin-bottom:0px;\"><div class=\"fusion-column-wrapper fusion-flex-column-wrapper-legacy\" style=\"background-position:left top;background-repeat:no-repeat;-webkit-background-size:cover;-moz-background-size:cover;-o-background-size:cover;background-size:cover;padding: 0px 0px 0px 0px;\"><style type=\"text\/css\"><\/style><div class=\"fusion-title title fusion-title-2 fusion-sep-none fusion-title-text fusion-title-size-four\" style=\"margin-top:0px;margin-bottom:31px;\"><h4 class=\"title-heading-right\" style=\"margin:0;\"><span style=\"font-weight: 400;\">Principales Comisiones de trabajo de los juegos beneficiadas con este servicio: <\/span><\/h4><\/div><div class=\"fusion-clearfix\"><\/div><\/div><\/div><div class=\"fusion-layout-column fusion_builder_column fusion-builder-column-2 fusion_builder_column_1_2 1_2 fusion-one-half fusion-column-last\" style=\"width:50%;width:calc(50% - ( ( 4% ) * 0.5 ) );margin-top:-3px;margin-bottom:0px;\"><div class=\"fusion-column-wrapper fusion-flex-column-wrapper-legacy\" style=\"background-position:left top;background-repeat:no-repeat;-webkit-background-size:cover;-moz-background-size:cover;-o-background-size:cover;background-size:cover;padding: 0px 0px 0px 0px;\"><ul class=\"fusion-checklist fusion-checklist-1\" style=\"font-size:14px;line-height:23.8px;\"><li class=\"fusion-li-item\"><span style=\"height:23.8px;width:23.8px;margin-right:9.8px;\" class=\"icon-wrapper circle-no\"><i class=\"fusion-li-icon fa-check fas\" style=\"color:#ff9800;\" aria-hidden=\"true\"><\/i><\/span><div class=\"fusion-li-item-content\" style=\"margin-left:33.6px;\">\n<p><span style=\"font-weight: 400;\">Comisi\u00f3n de Protocolo<\/span><\/p>\n<\/div><\/li><\/ul><div class=\"fusion-clearfix\"><\/div><\/div><\/div><\/div><\/div><div class=\"fusion-fullwidth fullwidth-box fusion-builder-row-3 nonhundred-percent-fullwidth non-hundred-percent-height-scrolling\" style=\"background-color: rgba(255,255,255,0);background-position: center center;background-repeat: no-repeat;padding-top:50px;padding-right:0px;padding-bottom:20px;padding-left:0px;margin-bottom: 0px;margin-top: 0px;border-width: 0px 0px 0px 0px;border-color:#eae9e9;border-style:solid;\" ><div class=\"fusion-builder-row fusion-row\"><div class=\"fusion-layout-column fusion_builder_column fusion-builder-column-3 fusion_builder_column_1_1 1_1 fusion-one-full fusion-column-first fusion-column-last\" style=\"margin-top:0px;margin-bottom:0px;\"><div class=\"fusion-column-wrapper fusion-flex-column-wrapper-legacy\" style=\"background-position:left top;background-repeat:no-repeat;-webkit-background-size:cover;-moz-background-size:cover;-o-background-size:cover;background-size:cover;padding: 0px 0px 0px 0px;\"><style type=\"text\/css\"><\/style><div class=\"fusion-title title fusion-title-3 fusion-title-center fusion-title-text fusion-title-size-three\" style=\"margin-top:0px;margin-bottom:31px;\"><div class=\"title-sep-container title-sep-container-left\"><div class=\"title-sep sep-single sep-solid\" style=\"border-color:#e0dede;\"><\/div><\/div><h3 class=\"title-heading-center\" style=\"margin:0;\">Caracter\u00edsticas de H\u00e9rcules\u2122<\/h3><div class=\"title-sep-container title-sep-container-right\"><div class=\"title-sep sep-single sep-solid\" style=\"border-color:#e0dede;\"><\/div><\/div><\/div><div class=\"fusion-flip-boxes flip-boxes row fusion-columns-2 flip-effect-classic equal-heights flipnormal iconogris\"><div class=\"fusion-flip-box-wrapper fusion-column col-lg-6 col-md-6 col-sm-6\"><div class=\"fusion-flip-box flip-right\" tabindex=\"0\"><div class=\"flip-box-inner-wrapper\"><div class=\"flip-box-front\" style=\"background-color:#f6f7fa;border-color:rgba(0,0,0,0);border-radius:4px;border-style:solid;border-width:1px;color:#607d8b;transition-duration:0.4s;\"><div class=\"flip-box-front-inner\"><div class=\"flip-box-grafix flip-box-image\"><img decoding=\"async\" src=\"https:\/\/deportevirtual.com\/hercules\/wp-content\/uploads\/2019\/05\/design.png\" width=\"80\" height=\"80\" alt=\"\" \/><\/div><h2 class=\"flip-box-heading without-text\" style=\"color:#607d8b;\">Personalizaci\u00f3n Gr\u00e1fica <\/h2><\/div><\/div><div class=\"flip-box-back\" style=\"background-color:#1e2449;border-color:rgba(0,0,0,0);border-radius:4px;border-style:solid;border-width:1px;color:#ffffff;transition-duration:0.4s;\"><div class=\"flip-box-back-inner\">\n<p><span style=\"font-weight: 400;\">H\u00e9rcules\u2122 permite configurar las dimensiones del documento, la informaci\u00f3n a incluir y distribuci\u00f3n de la informaci\u00f3n. Contempla todos los detalles relacionados con la participaci\u00f3n y figuraci\u00f3n de atletas, personal de apoyo, voluntarios y comit\u00e9 organizador.<\/span><\/p>\n<\/div><\/div><\/div><\/div><\/div><div class=\"fusion-flip-box-wrapper fusion-column col-lg-6 col-md-6 col-sm-6\"><div class=\"fusion-flip-box flip-right\" tabindex=\"0\"><div class=\"flip-box-inner-wrapper\"><div class=\"flip-box-front\" style=\"background-color:#f6f7fa;border-color:rgba(0,0,0,0);border-radius:4px;border-style:solid;border-width:1px;color:#607d8b;transition-duration:0.4s;\"><div class=\"flip-box-front-inner\"><div class=\"flip-box-grafix flip-box-image\"><img decoding=\"async\" src=\"https:\/\/deportevirtual.com\/hercules\/wp-content\/uploads\/2019\/05\/grupos.png\" width=\"80\" height=\"80\" alt=\"\" \/><\/div><h2 class=\"flip-box-heading without-text\" style=\"color:#607d8b;\">Configuraci\u00f3n por Roles<\/h2><\/div><\/div><div class=\"flip-box-back\" style=\"background-color:#1e2449;border-color:rgba(0,0,0,0);border-radius:4px;border-style:solid;border-width:1px;color:#ffffff;transition-duration:0.4s;\"><div class=\"flip-box-back-inner\">\n<p><span style=\"font-weight: 400;\">Permite asociar para cada tipo de rol o agrupaciones de roles, un dise\u00f1o determinado, logrando que en los certificados de atletas se incluya la informaci\u00f3n de resultados obtenidos, mientras que en la de voluntarios las horas de servicio y el puesto desempe\u00f1ado, en los de comit\u00e9 organizador la funci\u00f3n realizada, entre otras opciones.<\/span><\/p>\n<\/div><\/div><\/div><\/div><\/div><div class=\"fusion-flip-box-wrapper fusion-column col-lg-6 col-md-6 col-sm-6\"><div class=\"fusion-flip-box flip-right\" tabindex=\"0\"><div class=\"flip-box-inner-wrapper\"><div class=\"flip-box-front\" style=\"background-color:#f6f7fa;border-color:rgba(0,0,0,0);border-radius:4px;border-style:solid;border-width:1px;color:#607d8b;transition-duration:0.4s;\"><div class=\"flip-box-front-inner\"><div class=\"flip-box-grafix flip-box-image\"><img decoding=\"async\" src=\"https:\/\/deportevirtual.com\/hercules\/wp-content\/uploads\/2019\/05\/premios.png\" width=\"80\" height=\"80\" alt=\"\" \/><\/div><h2 class=\"flip-box-heading without-text\" style=\"color:#607d8b;\">Para Diplomas<\/h2><\/div><\/div><div class=\"flip-box-back\" style=\"background-color:#1e2449;border-color:rgba(0,0,0,0);border-radius:4px;border-style:solid;border-width:1px;color:#ffffff;transition-duration:0.4s;\"><div class=\"flip-box-back-inner\">\n<p><span style=\"font-weight: 400;\">Con H\u00e9rcules\u2122 es posible generar un diploma a cada deportista que obtenga un lugar entre el n\u00famero 1 al 16 en cada una de las pruebas en las que compita. Este documento incluye el nombre, n\u00famero de documento, delegaci\u00f3n, deporte, prueba en la que compiti\u00f3 y color de la medalla en caso de obtenerla. De esta forma vez que el deportista participe en una prueba y figure entre los 16 mejores, obtendr\u00e1 un diploma. <\/span><\/p>\n<\/div><\/div><\/div><\/div><\/div><div class=\"fusion-flip-box-wrapper fusion-column col-lg-6 col-md-6 col-sm-6\"><div class=\"fusion-flip-box flip-right\" tabindex=\"0\"><div class=\"flip-box-inner-wrapper\"><div class=\"flip-box-front\" style=\"background-color:#f6f7fa;border-color:rgba(0,0,0,0);border-radius:4px;border-style:solid;border-width:1px;color:#607d8b;transition-duration:0.4s;\"><div class=\"flip-box-front-inner\"><div class=\"flip-box-grafix flip-box-image\"><img decoding=\"async\" src=\"https:\/\/deportevirtual.com\/hercules\/wp-content\/uploads\/2019\/05\/certificado2.png\" width=\"80\" height=\"80\" alt=\"\" \/><\/div><h2 class=\"flip-box-heading without-text\" style=\"color:#607d8b;\">Para Certificados<\/h2><\/div><\/div><div class=\"flip-box-back\" style=\"background-color:#1e2449;border-color:rgba(0,0,0,0);border-radius:4px;border-style:solid;border-width:1px;color:#ffffff;transition-duration:0.4s;\"><div class=\"flip-box-back-inner\">\n<p><span style=\"font-weight: 400;\">Con H\u00e9rcules\u2122 es posible generar un certificado a cada deportista, personal de apoyo, miembro del comit\u00e9 ejecutivo, voluntario o cualquier otro rol que el comit\u00e9 organizador determine. Este documento incluye los datos generales de identificaci\u00f3n de la persona y la certificaci\u00f3n de actividades que haya desempe\u00f1ado. Para los deportistas se muestran todas las pruebas en un solo certificado y para los dem\u00e1s roles se cuenta con las actividades desempe\u00f1adas durante los juegos. <\/span><\/p>\n<\/div><\/div><\/div><\/div><\/div><\/div><div class=\"clearfix\"><\/div><div class=\"fusion-clearfix\"><\/div><\/div><\/div><\/div><\/div><div class=\"fusion-fullwidth fullwidth-box fusion-builder-row-4 nonhundred-percent-fullwidth non-hundred-percent-height-scrolling\" style=\"background-color: #1e2449;background-position: center center;background-repeat: no-repeat;padding-top:50px;padding-right:0px;padding-bottom:20px;padding-left:0px;margin-bottom: 0px;margin-top: 0px;border-width: 0px 0px 0px 0px;border-color:#eae9e9;border-style:solid;\" ><div class=\"fusion-builder-row fusion-row\"><div class=\"fusion-layout-column fusion_builder_column fusion-builder-column-4 fusion_builder_column_1_1 1_1 fusion-one-full fusion-column-first fusion-column-last\" style=\"margin-top:0px;margin-bottom:0px;\"><div class=\"fusion-column-wrapper fusion-flex-column-wrapper-legacy\" style=\"background-position:left top;background-repeat:no-repeat;-webkit-background-size:cover;-moz-background-size:cover;-o-background-size:cover;background-size:cover;padding: 0px 0px 0px 0px;\"><div class=\"imageframe-align-center\"><span class=\" fusion-imageframe imageframe-none imageframe-2 hover-type-none\" style=\"width:100%;max-width:350px;\"><img decoding=\"async\" width=\"843\" height=\"191\" title=\"logo-hercules\" src=\"https:\/\/deportevirtual.com\/hercules\/wp-content\/uploads\/2016\/08\/logo-hercules.png\" class=\"img-responsive wp-image-693\" srcset=\"https:\/\/deportevirtual.com\/hercules\/wp-content\/uploads\/2016\/08\/logo-hercules-200x45.png 200w, https:\/\/deportevirtual.com\/hercules\/wp-content\/uploads\/2016\/08\/logo-hercules-400x91.png 400w, https:\/\/deportevirtual.com\/hercules\/wp-content\/uploads\/2016\/08\/logo-hercules-600x136.png 600w, https:\/\/deportevirtual.com\/hercules\/wp-content\/uploads\/2016\/08\/logo-hercules-800x181.png 800w, https:\/\/deportevirtual.com\/hercules\/wp-content\/uploads\/2016\/08\/logo-hercules.png 843w\" sizes=\"(max-width: 1051px) 100vw, 843px\" \/><\/span><\/div><div class=\"fusion-sep-clear\"><\/div><div class=\"fusion-separator fusion-full-width-sep\" style=\"margin-left: auto;margin-right: auto;margin-top:20px;width:100%;\"><\/div><div class=\"fusion-sep-clear\"><\/div><style type=\"text\/css\"><\/style><div class=\"fusion-title title fusion-title-4 fusion-sep-none fusion-title-center fusion-title-text fusion-title-size-four\" style=\"margin-top:0px;margin-bottom:31px;\"><h4 class=\"title-heading-center\" style=\"margin:0;color:#ffffff;\"><p><i><span style=\"font-weight: 400;\">Nuestro est\u00e1ndar garantiza que los certificados y diplomas se entreguen en tiempo r\u00e9cord.<br \/>\n<\/span><\/i><i><span style=\"font-weight: 400;\">Los materiales Premium que usamos junto con los procesos que desarrollamos<br \/>\nle dan al evento una imagen de primer nivel<\/span><\/i><span style=\"font-weight: 400;\">.<\/span><\/p><\/h4><\/div><div class=\"fusion-clearfix\"><\/div><\/div><\/div><\/div><\/div><div class=\"fusion-fullwidth fullwidth-box fusion-builder-row-5 fusion-parallax-fixed nonhundred-percent-fullwidth non-hundred-percent-height-scrolling\" style=\"background-color: rgba(255,255,255,0);background-image: url(&quot;https:\/\/deportevirtual.com\/hercules\/wp-content\/uploads\/2019\/05\/fondo-escenario.jpg&quot;);background-position: center center;background-repeat: no-repeat;padding-top:50px;padding-right:0px;padding-bottom:20px;padding-left:0px;margin-bottom: 0px;margin-top: 0px;border-width: 0px 0px 0px 0px;border-color:#eae9e9;border-style:solid;-webkit-background-size:cover;-moz-background-size:cover;-o-background-size:cover;background-size:cover;background-attachment:fixed;\" ><div class=\"fusion-builder-row fusion-row\"><div class=\"fusion-layout-column fusion_builder_column fusion-builder-column-5 fusion_builder_column_1_1 1_1 fusion-one-full fusion-column-first fusion-column-last\" style=\"margin-top:0px;margin-bottom:0px;\"><div class=\"fusion-column-wrapper fusion-flex-column-wrapper-legacy\" style=\"background-position:left top;background-repeat:no-repeat;-webkit-background-size:cover;-moz-background-size:cover;-o-background-size:cover;background-size:cover;padding: 0px 0px 0px 0px;\"><style type=\"text\/css\"><\/style><div class=\"fusion-title title fusion-title-5 fusion-title-center fusion-title-text fusion-title-size-three\" style=\"margin-top:0px;margin-bottom:31px;\"><div class=\"title-sep-container title-sep-container-left\"><div class=\"title-sep sep-single sep-solid\" style=\"border-color:#e0dede;\"><\/div><\/div><h3 class=\"title-heading-center\" style=\"margin:0;\">Servicios proporcionados por Deporte Virtual\u00ae<\/h3><div class=\"title-sep-container title-sep-container-right\"><div class=\"title-sep sep-single sep-solid\" style=\"border-color:#e0dede;\"><\/div><\/div><\/div><div class=\"fusion-flip-boxes flip-boxes row fusion-columns-2 flip-effect-classic equal-heights flipnormal iconogris\"><div class=\"fusion-flip-box-wrapper fusion-column col-lg-6 col-md-6 col-sm-6\"><div class=\"fusion-flip-box flip-right\" tabindex=\"0\"><div class=\"flip-box-inner-wrapper\"><div class=\"flip-box-front\" style=\"background-color:#f6f7fa;border-color:rgba(0,0,0,0);border-radius:4px;border-style:solid;border-width:1px;color:#607d8b;transition-duration:0.4s;\"><div class=\"flip-box-front-inner\"><div class=\"flip-box-grafix flip-box-image\"><img decoding=\"async\" src=\"https:\/\/deportevirtual.com\/hercules\/wp-content\/uploads\/2019\/05\/certificado.png\" width=\"80\" height=\"80\" alt=\"\" \/><\/div><h2 class=\"flip-box-heading without-text\" style=\"color:#607d8b;\">Producci\u00f3n de Papel personalizado<\/h2><\/div><\/div><div class=\"flip-box-back\" style=\"background-color:#1e2449;border-color:rgba(0,0,0,0);border-radius:4px;border-style:solid;border-width:1px;color:#ffffff;transition-duration:0.4s;\"><div class=\"flip-box-back-inner\">\n<p><span style=\"font-weight: 400;\">Realizamos la producci\u00f3n de papel con el m\u00e1s alto est\u00e1ndar de calidad optimizada para impresi\u00f3n l\u00e1ser. Pre imprimimos el dise\u00f1o gr\u00e1fico sobre el papel garantizando agilidad en el proceso de impresi\u00f3n y ensamble de acreditaciones.<\/span><\/p>\n<\/div><\/div><\/div><\/div><\/div><div class=\"fusion-flip-box-wrapper fusion-column col-lg-6 col-md-6 col-sm-6\"><div class=\"fusion-flip-box flip-right\" tabindex=\"0\"><div class=\"flip-box-inner-wrapper\"><div class=\"flip-box-front\" style=\"background-color:#f6f7fa;border-color:rgba(0,0,0,0);border-radius:4px;border-style:solid;border-width:1px;color:#607d8b;transition-duration:0.4s;\"><div class=\"flip-box-front-inner\"><div class=\"flip-box-grafix flip-box-image\"><img decoding=\"async\" src=\"https:\/\/deportevirtual.com\/hercules\/wp-content\/uploads\/2019\/05\/configura.png\" width=\"80\" height=\"80\" alt=\"\" \/><\/div><h2 class=\"flip-box-heading without-text\" style=\"color:#607d8b;\">Configuraci\u00f3n de Certificados o diplomas<\/h2><\/div><\/div><div class=\"flip-box-back\" style=\"background-color:#1e2449;border-color:rgba(0,0,0,0);border-radius:4px;border-style:solid;border-width:1px;color:#ffffff;transition-duration:0.4s;\"><div class=\"flip-box-back-inner\">\n<p><span style=\"font-weight: 400;\">En conjunto con la organizaci\u00f3n del evento definimos la matriz de certificaciones o diplomas y suministramos un dise\u00f1o junto con sus variaciones por roles. Configuramos H\u00e9rcules\u2122 para que genere los diplomas de acuerdo con la matriz.<\/span><\/p>\n<\/div><\/div><\/div><\/div><\/div><div class=\"fusion-flip-box-wrapper fusion-column col-lg-6 col-md-6 col-sm-6\"><div class=\"fusion-flip-box flip-right\" tabindex=\"0\"><div class=\"flip-box-inner-wrapper\"><div class=\"flip-box-front\" style=\"background-color:#f6f7fa;border-color:rgba(0,0,0,0);border-radius:4px;border-style:solid;border-width:1px;color:#607d8b;transition-duration:0.4s;\"><div class=\"flip-box-front-inner\"><div class=\"flip-box-grafix flip-box-image\"><img decoding=\"async\" src=\"https:\/\/deportevirtual.com\/hercules\/wp-content\/uploads\/2019\/05\/impresora.png\" width=\"80\" height=\"80\" alt=\"\" \/><\/div><h2 class=\"flip-box-heading without-text\" style=\"color:#607d8b;\">Impresi\u00f3n de Certificados o diplomas<\/h2><\/div><\/div><div class=\"flip-box-back\" style=\"background-color:#1e2449;border-color:rgba(0,0,0,0);border-radius:4px;border-style:solid;border-width:1px;color:#ffffff;transition-duration:0.4s;\"><div class=\"flip-box-back-inner\">\n<p><span style=\"font-weight: 400;\">Hacemos los certificados y diplomas con total atenci\u00f3n al detalle, porque creemos firmemente que estos documentos son una pieza de colecci\u00f3n para cada persona que los recibe. Son generados pasando por una estricta revisi\u00f3n de calidad en donde todos los pasos de producci\u00f3n son trazables, garantizando el cumplimiento de entrega.<\/span><\/p>\n<\/div><\/div><\/div><\/div><\/div><div class=\"fusion-flip-box-wrapper fusion-column col-lg-6 col-md-6 col-sm-6\"><div class=\"fusion-flip-box flip-right\" tabindex=\"0\"><div class=\"flip-box-inner-wrapper\"><div class=\"flip-box-front\" style=\"background-color:#f6f7fa;border-color:rgba(0,0,0,0);border-radius:4px;border-style:solid;border-width:1px;color:#607d8b;transition-duration:0.4s;\"><div class=\"flip-box-front-inner\"><div class=\"flip-box-grafix flip-box-image\"><img decoding=\"async\" src=\"https:\/\/deportevirtual.com\/hercules\/wp-content\/uploads\/2019\/05\/sobres.png\" width=\"80\" height=\"80\" alt=\"\" \/><\/div><h2 class=\"flip-box-heading without-text\" style=\"color:#607d8b;\">Entrega en sobres por grupos<\/h2><\/div><\/div><div class=\"flip-box-back\" style=\"background-color:#1e2449;border-color:rgba(0,0,0,0);border-radius:4px;border-style:solid;border-width:1px;color:#ffffff;transition-duration:0.4s;\"><div class=\"flip-box-back-inner\">\n<p><span style=\"font-weight: 400;\">Todos los certificados o diplomas son entregados a los grupos de delegaciones, comit\u00e9 organizador, jueces y voluntarios, organizados en sobres por grupo y deporte, garantizando el orden del proceso. \u00a0<\/span><\/p>\n<\/div><\/div><\/div><\/div><\/div><\/div><div class=\"clearfix\"><\/div><div class=\"fusion-clearfix\"><\/div><\/div><\/div><\/div><\/div><\/p>\n","protected":false},"excerpt":{"rendered":"","protected":false},"author":1,"featured_media":0,"parent":1527,"menu_order":0,"comment_status":"closed","ping_status":"closed","template":"100-width.php","meta":{"footnotes":""},"class_list":["post-2060","page","type-page","status-publish","hentry"],"_links":{"self":[{"href":"https:\/\/deportevirtual.com\/hercules\/wp-json\/wp\/v2\/pages\/2060","targetHints":{"allow":["GET"]}}],"collection":[{"href":"https:\/\/deportevirtual.com\/hercules\/wp-json\/wp\/v2\/pages"}],"about":[{"href":"https:\/\/deportevirtual.com\/hercules\/wp-json\/wp\/v2\/types\/page"}],"author":[{"embeddable":true,"href":"https:\/\/deportevirtual.com\/hercules\/wp-json\/wp\/v2\/users\/1"}],"replies":[{"embeddable":true,"href":"https:\/\/deportevirtual.com\/hercules\/wp-json\/wp\/v2\/comments?post=2060"}],"version-history":[{"count":13,"href":"https:\/\/deportevirtual.com\/hercules\/wp-json\/wp\/v2\/pages\/2060\/revisions"}],"predecessor-version":[{"id":2345,"href":"https:\/\/deportevirtual.com\/hercules\/wp-json\/wp\/v2\/pages\/2060\/revisions\/2345"}],"up":[{"embeddable":true,"href":"https:\/\/deportevirtual.com\/hercules\/wp-json\/wp\/v2\/pages\/1527"}],"wp:attachment":[{"href":"https:\/\/deportevirtual.com\/hercules\/wp-json\/wp\/v2\/media?parent=2060"}],"curies":[{"name":"wp","href":"https:\/\/api.w.org\/{rel}","templated":true}]}}