{"id":2030,"date":"2019-05-14T11:51:37","date_gmt":"2019-05-14T16:51:37","guid":{"rendered":"https:\/\/deportevirtual.com\/hercules\/?page_id=2030"},"modified":"2019-05-21T10:32:38","modified_gmt":"2019-05-21T15:32:38","slug":"gestion-de-transporte","status":"publish","type":"page","link":"https:\/\/deportevirtual.com\/hercules\/mega-eventos-deportivos\/gestion-de-transporte\/","title":{"rendered":"Gesti\u00f3n de Transporte"},"content":{"rendered":"<p><div class=\"fusion-fullwidth fullwidth-box fusion-builder-row-1 nonhundred-percent-fullwidth non-hundred-percent-height-scrolling\" style=\"background-color: #f6f7fa;background-position: center center;background-repeat: no-repeat;padding-top:50px;padding-right:0px;padding-bottom:20px;padding-left:0px;margin-bottom: 0px;margin-top: 0px;border-width: 0px 0px 0px 0px;border-color:#eae9e9;border-style:solid;\" ><div class=\"fusion-builder-row fusion-row\"><div class=\"fusion-layout-column fusion_builder_column fusion-builder-column-0 fusion_builder_column_1_1 1_1 fusion-one-full fusion-column-first fusion-column-last\" style=\"margin-top:0px;margin-bottom:0px;\"><div class=\"fusion-column-wrapper fusion-flex-column-wrapper-legacy\" style=\"background-position:left top;background-repeat:no-repeat;-webkit-background-size:cover;-moz-background-size:cover;-o-background-size:cover;background-size:cover;padding: 0px 0px 0px 0px;\"><div class=\"imageframe-align-center\"><span class=\" fusion-imageframe imageframe-none imageframe-1 hover-type-none iconogris\" style=\"width:100%;max-width:120px;\"><img decoding=\"async\" width=\"256\" height=\"256\" title=\"transporte\" src=\"https:\/\/deportevirtual.com\/hercules\/wp-content\/uploads\/2019\/05\/transporte.png\" class=\"img-responsive wp-image-2031\" srcset=\"https:\/\/deportevirtual.com\/hercules\/wp-content\/uploads\/2019\/05\/transporte-200x200.png 200w, https:\/\/deportevirtual.com\/hercules\/wp-content\/uploads\/2019\/05\/transporte.png 256w\" sizes=\"(max-width: 1051px) 100vw, 256px\" \/><\/span><\/div><style type=\"text\/css\"><\/style><div class=\"fusion-title title fusion-title-1 fusion-sep-none fusion-title-center fusion-title-text fusion-title-size-four\" style=\"margin-top:0px;margin-bottom:31px;\"><h4 class=\"title-heading-center\" style=\"margin:0;\"><span style=\"font-weight: 400;\">Administre toda la flota de transporte de los juegos con total orden y optimizaci\u00f3n de los recursos. <\/span><\/h4><\/div><div class=\"fusion-clearfix\"><\/div><\/div><\/div><\/div><\/div><div class=\"fusion-fullwidth fullwidth-box fusion-builder-row-2 nonhundred-percent-fullwidth non-hundred-percent-height-scrolling\" style=\"background-color: #ffffff;background-position: center center;background-repeat: no-repeat;padding-top:50px;padding-right:0px;padding-bottom:20px;padding-left:0px;margin-bottom: 0px;margin-top: 0px;border-width: 1px 0px 1px 0px;border-color:#eae9e9;border-style:solid;\" ><div class=\"fusion-builder-row fusion-row\"><div class=\"fusion-layout-column fusion_builder_column fusion-builder-column-1 fusion_builder_column_1_2 1_2 fusion-one-half fusion-column-first\" style=\"width:50%;width:calc(50% - ( ( 4% ) * 0.5 ) );margin-right: 4%;margin-top:0px;margin-bottom:0px;\"><div class=\"fusion-column-wrapper fusion-flex-column-wrapper-legacy\" style=\"background-position:left top;background-repeat:no-repeat;-webkit-background-size:cover;-moz-background-size:cover;-o-background-size:cover;background-size:cover;padding: 0px 0px 0px 0px;\"><style type=\"text\/css\"><\/style><div class=\"fusion-title title fusion-title-2 fusion-sep-none fusion-title-text fusion-title-size-four\" style=\"margin-top:0px;margin-bottom:31px;\"><h4 class=\"title-heading-right\" style=\"margin:0;\"><span style=\"font-weight: 400;\">Principales Comisiones de trabajo de los juegos beneficiadas con este servicio: <\/span><\/h4><\/div><div class=\"fusion-clearfix\"><\/div><\/div><\/div><div class=\"fusion-layout-column fusion_builder_column fusion-builder-column-2 fusion_builder_column_1_2 1_2 fusion-one-half fusion-column-last\" style=\"width:50%;width:calc(50% - ( ( 4% ) * 0.5 ) );margin-top:-3px;margin-bottom:0px;\"><div class=\"fusion-column-wrapper fusion-flex-column-wrapper-legacy\" style=\"background-position:left top;background-repeat:no-repeat;-webkit-background-size:cover;-moz-background-size:cover;-o-background-size:cover;background-size:cover;padding: 0px 0px 0px 0px;\"><ul class=\"fusion-checklist fusion-checklist-1\" style=\"font-size:14px;line-height:23.8px;\"><li class=\"fusion-li-item\"><span style=\"height:23.8px;width:23.8px;margin-right:9.8px;\" class=\"icon-wrapper circle-no\"><i class=\"fusion-li-icon fa-check fas\" style=\"color:#ff9800;\" aria-hidden=\"true\"><\/i><\/span><div class=\"fusion-li-item-content\" style=\"margin-left:33.6px;\">\n<p><span style=\"font-weight: 400;\">Comisi\u00f3n de Transporte<\/span><\/p>\n<\/div><\/li><li class=\"fusion-li-item\"><span style=\"height:23.8px;width:23.8px;margin-right:9.8px;\" class=\"icon-wrapper circle-no\"><i class=\"fusion-li-icon fa-check fas\" style=\"color:#ff9800;\" aria-hidden=\"true\"><\/i><\/span><div class=\"fusion-li-item-content\" style=\"margin-left:33.6px;\">\n<p><span style=\"font-weight: 400;\">Comisi\u00f3n T\u00e9cnica<\/span><\/p>\n<\/div><\/li><li class=\"fusion-li-item\"><span style=\"height:23.8px;width:23.8px;margin-right:9.8px;\" class=\"icon-wrapper circle-no\"><i class=\"fusion-li-icon fa-check fas\" style=\"color:#ff9800;\" aria-hidden=\"true\"><\/i><\/span><div class=\"fusion-li-item-content\" style=\"margin-left:33.6px;\">\n<p><span style=\"font-weight: 400;\">Comisi\u00f3n de protocolo<\/span><\/p>\n<\/div><\/li><\/ul><div class=\"fusion-clearfix\"><\/div><\/div><\/div><\/div><\/div><div class=\"fusion-fullwidth fullwidth-box fusion-builder-row-3 nonhundred-percent-fullwidth non-hundred-percent-height-scrolling\" style=\"background-color: rgba(255,255,255,0);background-position: center center;background-repeat: no-repeat;padding-top:50px;padding-right:0px;padding-bottom:20px;padding-left:0px;margin-bottom: 0px;margin-top: 0px;border-width: 0px 0px 0px 0px;border-color:#eae9e9;border-style:solid;\" ><div class=\"fusion-builder-row fusion-row\"><div class=\"fusion-layout-column fusion_builder_column fusion-builder-column-3 fusion_builder_column_1_1 1_1 fusion-one-full fusion-column-first fusion-column-last\" style=\"margin-top:0px;margin-bottom:0px;\"><div class=\"fusion-column-wrapper fusion-flex-column-wrapper-legacy\" style=\"background-position:left top;background-repeat:no-repeat;-webkit-background-size:cover;-moz-background-size:cover;-o-background-size:cover;background-size:cover;padding: 0px 0px 0px 0px;\"><style type=\"text\/css\"><\/style><div class=\"fusion-title title fusion-title-3 fusion-title-center fusion-title-text fusion-title-size-three\" style=\"margin-top:0px;margin-bottom:31px;\"><div class=\"title-sep-container title-sep-container-left\"><div class=\"title-sep sep-single sep-solid\" style=\"border-color:#e0dede;\"><\/div><\/div><h3 class=\"title-heading-center\" style=\"margin:0;\">Caracter\u00edsticas de H\u00e9rcules\u2122<\/h3><div class=\"title-sep-container title-sep-container-right\"><div class=\"title-sep sep-single sep-solid\" style=\"border-color:#e0dede;\"><\/div><\/div><\/div><div class=\"fusion-flip-boxes flip-boxes row fusion-columns-2 flip-effect-classic equal-heights flipnormal iconogris\"><div class=\"fusion-flip-box-wrapper fusion-column col-lg-6 col-md-6 col-sm-6\"><div class=\"fusion-flip-box flip-right\" tabindex=\"0\"><div class=\"flip-box-inner-wrapper\"><div class=\"flip-box-front\" style=\"background-color:#f6f7fa;border-color:rgba(0,0,0,0);border-radius:4px;border-style:solid;border-width:1px;color:#607d8b;transition-duration:0.4s;\"><div class=\"flip-box-front-inner\"><div class=\"flip-box-grafix flip-box-image\"><img decoding=\"async\" src=\"https:\/\/deportevirtual.com\/hercules\/wp-content\/uploads\/2019\/05\/carro.png\" width=\"80\" height=\"80\" alt=\"\" \/><\/div><h2 class=\"flip-box-heading without-text\" style=\"color:#607d8b;\">Registro de flota de transporte<\/h2><\/div><\/div><div class=\"flip-box-back\" style=\"background-color:#1e2449;border-color:rgba(0,0,0,0);border-radius:4px;border-style:solid;border-width:1px;color:#ffffff;transition-duration:0.4s;\"><div class=\"flip-box-back-inner\">\n<p><span style=\"font-weight: 400;\">Incluya todos los veh\u00edculos disponibles para el evento, registrando tipo de veh\u00edculo, capacidad, sede asignada, fechas contratadas.<\/span><\/p>\n<\/div><\/div><\/div><\/div><\/div><div class=\"fusion-flip-box-wrapper fusion-column col-lg-6 col-md-6 col-sm-6\"><div class=\"fusion-flip-box flip-right\" tabindex=\"0\"><div class=\"flip-box-inner-wrapper\"><div class=\"flip-box-front\" style=\"background-color:#f6f7fa;border-color:rgba(0,0,0,0);border-radius:4px;border-style:solid;border-width:1px;color:#607d8b;transition-duration:0.4s;\"><div class=\"flip-box-front-inner\"><div class=\"flip-box-grafix flip-box-image\"><img decoding=\"async\" src=\"https:\/\/deportevirtual.com\/hercules\/wp-content\/uploads\/2019\/05\/chofer.png\" width=\"80\" height=\"80\" alt=\"\" \/><\/div><h2 class=\"flip-box-heading without-text\" style=\"color:#607d8b;\">Asignaci\u00f3n de choferes a veh\u00edculos<\/h2><\/div><\/div><div class=\"flip-box-back\" style=\"background-color:#1e2449;border-color:rgba(0,0,0,0);border-radius:4px;border-style:solid;border-width:1px;color:#ffffff;transition-duration:0.4s;\"><div class=\"flip-box-back-inner\">\n<p><span style=\"font-weight: 400;\">Inscriba y asocie un veh\u00edculo con uno o varios conductores responsables. Las personas inscritas estar\u00e1n habilitadas para la generaci\u00f3n de acreditaci\u00f3n tipo chofer.<\/span><\/p>\n<\/div><\/div><\/div><\/div><\/div><div class=\"fusion-flip-box-wrapper fusion-column col-lg-6 col-md-6 col-sm-6\"><div class=\"fusion-flip-box flip-right\" tabindex=\"0\"><div class=\"flip-box-inner-wrapper\"><div class=\"flip-box-front\" style=\"background-color:#f6f7fa;border-color:rgba(0,0,0,0);border-radius:4px;border-style:solid;border-width:1px;color:#607d8b;transition-duration:0.4s;\"><div class=\"flip-box-front-inner\"><div class=\"flip-box-grafix flip-box-image\"><img decoding=\"async\" src=\"https:\/\/deportevirtual.com\/hercules\/wp-content\/uploads\/2019\/05\/turno.png\" width=\"80\" height=\"80\" alt=\"\" \/><\/div><h2 class=\"flip-box-heading without-text\" style=\"color:#607d8b;\">Creaci\u00f3n de turnos de trabajo<\/h2><\/div><\/div><div class=\"flip-box-back\" style=\"background-color:#1e2449;border-color:rgba(0,0,0,0);border-radius:4px;border-style:solid;border-width:1px;color:#ffffff;transition-duration:0.4s;\"><div class=\"flip-box-back-inner\">\n<p><span style=\"font-weight: 400;\">Defina turnos de trabajo en un horario y as\u00f3cielos con cada chofer disponible durante el evento.<\/span><\/p>\n<\/div><\/div><\/div><\/div><\/div><div class=\"fusion-flip-box-wrapper fusion-column col-lg-6 col-md-6 col-sm-6\"><div class=\"fusion-flip-box flip-right\" tabindex=\"0\"><div class=\"flip-box-inner-wrapper\"><div class=\"flip-box-front\" style=\"background-color:#f6f7fa;border-color:rgba(0,0,0,0);border-radius:4px;border-style:solid;border-width:1px;color:#607d8b;transition-duration:0.4s;\"><div class=\"flip-box-front-inner\"><div class=\"flip-box-grafix flip-box-image\"><img decoding=\"async\" src=\"https:\/\/deportevirtual.com\/hercules\/wp-content\/uploads\/2019\/05\/grupos.png\" width=\"80\" height=\"80\" alt=\"\" \/><\/div><h2 class=\"flip-box-heading without-text\" style=\"color:#607d8b;\">Asignaci\u00f3n de Veh\u00edculos a personas o grupos<\/h2><\/div><\/div><div class=\"flip-box-back\" style=\"background-color:#1e2449;border-color:rgba(0,0,0,0);border-radius:4px;border-style:solid;border-width:1px;color:#ffffff;transition-duration:0.4s;\"><div class=\"flip-box-back-inner\">\n<p><span style=\"font-weight: 400;\">Relacione un veh\u00edculo con una delegaci\u00f3n, federaci\u00f3n o persona por un rango de fechas espec\u00edfico.<\/span><\/p>\n<\/div><\/div><\/div><\/div><\/div><\/div><div class=\"clearfix\"><\/div><div class=\"fusion-clearfix\"><\/div><\/div><\/div><\/div><\/div><div class=\"fusion-fullwidth fullwidth-box fusion-builder-row-4 nonhundred-percent-fullwidth non-hundred-percent-height-scrolling\" style=\"background-color: #1e2449;background-position: center center;background-repeat: no-repeat;padding-top:50px;padding-right:0px;padding-bottom:20px;padding-left:0px;margin-bottom: 0px;margin-top: 0px;border-width: 0px 0px 0px 0px;border-color:#eae9e9;border-style:solid;\" ><div class=\"fusion-builder-row fusion-row\"><div class=\"fusion-layout-column fusion_builder_column fusion-builder-column-4 fusion_builder_column_1_1 1_1 fusion-one-full fusion-column-first fusion-column-last\" style=\"margin-top:0px;margin-bottom:0px;\"><div class=\"fusion-column-wrapper fusion-flex-column-wrapper-legacy\" style=\"background-position:left top;background-repeat:no-repeat;-webkit-background-size:cover;-moz-background-size:cover;-o-background-size:cover;background-size:cover;padding: 0px 0px 0px 0px;\"><div class=\"imageframe-align-center\"><span class=\" fusion-imageframe imageframe-none imageframe-2 hover-type-none\" style=\"width:100%;max-width:350px;\"><img decoding=\"async\" width=\"843\" height=\"191\" title=\"logo-hercules\" src=\"https:\/\/deportevirtual.com\/hercules\/wp-content\/uploads\/2016\/08\/logo-hercules.png\" class=\"img-responsive wp-image-693\" srcset=\"https:\/\/deportevirtual.com\/hercules\/wp-content\/uploads\/2016\/08\/logo-hercules-200x45.png 200w, https:\/\/deportevirtual.com\/hercules\/wp-content\/uploads\/2016\/08\/logo-hercules-400x91.png 400w, https:\/\/deportevirtual.com\/hercules\/wp-content\/uploads\/2016\/08\/logo-hercules-600x136.png 600w, https:\/\/deportevirtual.com\/hercules\/wp-content\/uploads\/2016\/08\/logo-hercules-800x181.png 800w, https:\/\/deportevirtual.com\/hercules\/wp-content\/uploads\/2016\/08\/logo-hercules.png 843w\" sizes=\"(max-width: 1051px) 100vw, 843px\" \/><\/span><\/div><div class=\"fusion-sep-clear\"><\/div><div class=\"fusion-separator fusion-full-width-sep\" style=\"margin-left: auto;margin-right: auto;margin-top:20px;width:100%;\"><\/div><div class=\"fusion-sep-clear\"><\/div><style type=\"text\/css\"><\/style><div class=\"fusion-title title fusion-title-4 fusion-sep-none fusion-title-center fusion-title-text fusion-title-size-four esconder\" style=\"margin-top:0px;margin-bottom:31px;\"><h4 class=\"title-heading-center\" style=\"margin:0;color:#ffffff;\"><i><span style=\"font-weight: 400;\">Permite manejar todos los hoteles o villa de los juegos incluyendo sedes principales y subsedes.<\/span><\/i><\/h4><\/div><div class=\"fusion-clearfix\"><\/div><\/div><\/div><\/div><\/div><div class=\"fusion-fullwidth fullwidth-box fusion-builder-row-5 fusion-parallax-fixed nonhundred-percent-fullwidth non-hundred-percent-height-scrolling\" style=\"background-color: rgba(255,255,255,0);background-image: url(&quot;https:\/\/deportevirtual.com\/hercules\/wp-content\/uploads\/2019\/05\/fondo-escenario.jpg&quot;);background-position: center center;background-repeat: no-repeat;padding-top:50px;padding-right:0px;padding-bottom:20px;padding-left:0px;margin-bottom: 0px;margin-top: 0px;border-width: 0px 0px 0px 0px;border-color:#eae9e9;border-style:solid;-webkit-background-size:cover;-moz-background-size:cover;-o-background-size:cover;background-size:cover;background-attachment:fixed;\" ><div class=\"fusion-builder-row fusion-row\"><div class=\"fusion-layout-column fusion_builder_column fusion-builder-column-5 fusion_builder_column_1_1 1_1 fusion-one-full fusion-column-first fusion-column-last\" style=\"margin-top:0px;margin-bottom:0px;\"><div class=\"fusion-column-wrapper fusion-flex-column-wrapper-legacy\" style=\"background-position:left top;background-repeat:no-repeat;-webkit-background-size:cover;-moz-background-size:cover;-o-background-size:cover;background-size:cover;padding: 0px 0px 0px 0px;\"><style type=\"text\/css\"><\/style><div class=\"fusion-title title fusion-title-5 fusion-title-center fusion-title-text fusion-title-size-three\" style=\"margin-top:0px;margin-bottom:31px;\"><div class=\"title-sep-container title-sep-container-left\"><div class=\"title-sep sep-single sep-solid\" style=\"border-color:#e0dede;\"><\/div><\/div><h3 class=\"title-heading-center\" style=\"margin:0;\">Servicios proporcionados por Deporte Virtual\u00ae<\/h3><div class=\"title-sep-container title-sep-container-right\"><div class=\"title-sep sep-single sep-solid\" style=\"border-color:#e0dede;\"><\/div><\/div><\/div><div class=\"fusion-flip-boxes flip-boxes row fusion-columns-3 flip-effect-classic equal-heights flipnormal iconogris\"><div class=\"fusion-flip-box-wrapper fusion-column col-lg-4 col-md-4 col-sm-4\"><div class=\"fusion-flip-box flip-right\" tabindex=\"0\"><div class=\"flip-box-inner-wrapper\"><div class=\"flip-box-front\" style=\"background-color:#f6f7fa;border-color:rgba(0,0,0,0);border-radius:4px;border-style:solid;border-width:1px;color:#607d8b;transition-duration:0.4s;\"><div class=\"flip-box-front-inner\"><div class=\"flip-box-grafix flip-box-image\"><img decoding=\"async\" src=\"https:\/\/deportevirtual.com\/hercules\/wp-content\/uploads\/2019\/05\/configuracion.png\" width=\"80\" height=\"80\" alt=\"\" \/><\/div><h2 class=\"flip-box-heading without-text\" style=\"color:#607d8b;\">Configuraciones globales<\/h2><\/div><\/div><div class=\"flip-box-back\" style=\"background-color:#1e2449;border-color:rgba(0,0,0,0);border-radius:4px;border-style:solid;border-width:1px;color:#ffffff;transition-duration:0.4s;\"><div class=\"flip-box-back-inner\">\n<p><span style=\"font-weight: 400;\">Realizamos la configuraci\u00f3n de la flota disponible y los turnos de trabajo poniendo a punto H\u00e9rcules para la gesti\u00f3n del transporte.<\/span><\/p>\n<\/div><\/div><\/div><\/div><\/div><div class=\"fusion-flip-box-wrapper fusion-column col-lg-4 col-md-4 col-sm-4\"><div class=\"fusion-flip-box flip-right\" tabindex=\"0\"><div class=\"flip-box-inner-wrapper\"><div class=\"flip-box-front\" style=\"background-color:#f6f7fa;border-color:rgba(0,0,0,0);border-radius:4px;border-style:solid;border-width:1px;color:#607d8b;transition-duration:0.4s;\"><div class=\"flip-box-front-inner\"><div class=\"flip-box-grafix flip-box-image\"><img decoding=\"async\" src=\"https:\/\/deportevirtual.com\/hercules\/wp-content\/uploads\/2019\/05\/reunion.png\" width=\"80\" height=\"80\" alt=\"\" \/><\/div><h2 class=\"flip-box-heading without-text\" style=\"color:#607d8b;\">Capacitaci\u00f3n a la comisi\u00f3n de transporte<\/h2><\/div><\/div><div class=\"flip-box-back\" style=\"background-color:#1e2449;border-color:rgba(0,0,0,0);border-radius:4px;border-style:solid;border-width:1px;color:#ffffff;transition-duration:0.4s;\"><div class=\"flip-box-back-inner\">\n<p><span style=\"font-weight: 400;\">Proporcionamos una capacitaci\u00f3n en el manejo detallado de este m\u00f3dulo para los colaboradores del comit\u00e9 organizador.<\/span><\/p>\n<\/div><\/div><\/div><\/div><\/div><div class=\"fusion-flip-box-wrapper fusion-column col-lg-4 col-md-4 col-sm-4\"><div class=\"fusion-flip-box flip-right\" tabindex=\"0\"><div class=\"flip-box-inner-wrapper\"><div class=\"flip-box-front\" style=\"background-color:#f6f7fa;border-color:rgba(0,0,0,0);border-radius:4px;border-style:solid;border-width:1px;color:#607d8b;transition-duration:0.4s;\"><div class=\"flip-box-front-inner\"><div class=\"flip-box-grafix flip-box-image\"><img decoding=\"async\" src=\"https:\/\/deportevirtual.com\/hercules\/wp-content\/uploads\/2019\/05\/original.png\" width=\"80\" height=\"80\" alt=\"\" \/><\/div><h2 class=\"flip-box-heading without-text\" style=\"color:#607d8b;\">Informes detallados y personalizados de Transporte<\/h2><\/div><\/div><div class=\"flip-box-back\" style=\"background-color:#1e2449;border-color:rgba(0,0,0,0);border-radius:4px;border-style:solid;border-width:1px;color:#ffffff;transition-duration:0.4s;\"><div class=\"flip-box-back-inner\">\n<p><span style=\"font-weight: 400;\">Adaptamos los reportes generados por H\u00e9rcules\u2122 a las necesidades particulares del comit\u00e9 organizador de los juegos, entregando documentos a la medida.<\/span><\/p>\n<\/div><\/div><\/div><\/div><\/div><\/div><div class=\"clearfix\"><\/div><div class=\"fusion-clearfix\"><\/div><\/div><\/div><\/div><\/div><div class=\"fusion-fullwidth fullwidth-box fusion-builder-row-6 nonhundred-percent-fullwidth non-hundred-percent-height-scrolling\" style=\"background-color: #1e2449;background-position: center center;background-repeat: no-repeat;padding-top:50px;padding-right:0px;padding-bottom:20px;padding-left:0px;margin-bottom: 0px;margin-top: 0px;border-width: 0px 0px 0px 0px;border-color:#eae9e9;border-style:solid;\" ><div class=\"fusion-builder-row fusion-row\"><div class=\"fusion-layout-column fusion_builder_column fusion-builder-column-6 fusion_builder_column_1_1 1_1 fusion-one-full fusion-column-first fusion-column-last\" style=\"margin-top:0px;margin-bottom:0px;\"><div class=\"fusion-column-wrapper fusion-flex-column-wrapper-legacy\" style=\"background-position:left top;background-repeat:no-repeat;-webkit-background-size:cover;-moz-background-size:cover;-o-background-size:cover;background-size:cover;padding: 0px 0px 0px 0px;\"><style type=\"text\/css\"><\/style><div class=\"fusion-title title fusion-title-6 fusion-sep-none fusion-title-center fusion-title-text fusion-title-size-four\" style=\"margin-top:0px;margin-bottom:31px;\"><h4 class=\"title-heading-center\" style=\"margin:0;color:#ffffff;\"><i><span style=\"font-weight: 400;\">Damos soporte permanente en el manejo del sistema y acompa\u00f1amos durante todo el evento a la comisi\u00f3n de transporte.<\/span><\/i><\/h4><\/div><div class=\"fusion-clearfix\"><\/div><\/div><\/div><\/div><\/div><\/p>\n","protected":false},"excerpt":{"rendered":"","protected":false},"author":1,"featured_media":0,"parent":1527,"menu_order":0,"comment_status":"closed","ping_status":"closed","template":"100-width.php","meta":{"footnotes":""},"class_list":["post-2030","page","type-page","status-publish","hentry"],"_links":{"self":[{"href":"https:\/\/deportevirtual.com\/hercules\/wp-json\/wp\/v2\/pages\/2030","targetHints":{"allow":["GET"]}}],"collection":[{"href":"https:\/\/deportevirtual.com\/hercules\/wp-json\/wp\/v2\/pages"}],"about":[{"href":"https:\/\/deportevirtual.com\/hercules\/wp-json\/wp\/v2\/types\/page"}],"author":[{"embeddable":true,"href":"https:\/\/deportevirtual.com\/hercules\/wp-json\/wp\/v2\/users\/1"}],"replies":[{"embeddable":true,"href":"https:\/\/deportevirtual.com\/hercules\/wp-json\/wp\/v2\/comments?post=2030"}],"version-history":[{"count":8,"href":"https:\/\/deportevirtual.com\/hercules\/wp-json\/wp\/v2\/pages\/2030\/revisions"}],"predecessor-version":[{"id":2342,"href":"https:\/\/deportevirtual.com\/hercules\/wp-json\/wp\/v2\/pages\/2030\/revisions\/2342"}],"up":[{"embeddable":true,"href":"https:\/\/deportevirtual.com\/hercules\/wp-json\/wp\/v2\/pages\/1527"}],"wp:attachment":[{"href":"https:\/\/deportevirtual.com\/hercules\/wp-json\/wp\/v2\/media?parent=2030"}],"curies":[{"name":"wp","href":"https:\/\/api.w.org\/{rel}","templated":true}]}}