{"id":2016,"date":"2019-05-14T11:18:33","date_gmt":"2019-05-14T16:18:33","guid":{"rendered":"https:\/\/deportevirtual.com\/hercules\/?page_id=2016"},"modified":"2019-05-21T10:32:25","modified_gmt":"2019-05-21T15:32:25","slug":"cronograma-de-entradas-y-salidas","status":"publish","type":"page","link":"https:\/\/deportevirtual.com\/hercules\/mega-eventos-deportivos\/cronograma-de-entradas-y-salidas\/","title":{"rendered":"Cronograma de Entradas y Salidas"},"content":{"rendered":"<p><div class=\"fusion-fullwidth fullwidth-box fusion-builder-row-1 nonhundred-percent-fullwidth non-hundred-percent-height-scrolling\" style=\"background-color: #f6f7fa;background-position: center center;background-repeat: no-repeat;padding-top:50px;padding-right:0px;padding-bottom:20px;padding-left:0px;margin-bottom: 0px;margin-top: 0px;border-width: 0px 0px 0px 0px;border-color:#eae9e9;border-style:solid;\" ><div class=\"fusion-builder-row fusion-row\"><div class=\"fusion-layout-column fusion_builder_column fusion-builder-column-0 fusion_builder_column_1_1 1_1 fusion-one-full fusion-column-first fusion-column-last\" style=\"margin-top:0px;margin-bottom:0px;\"><div class=\"fusion-column-wrapper fusion-flex-column-wrapper-legacy\" style=\"background-position:left top;background-repeat:no-repeat;-webkit-background-size:cover;-moz-background-size:cover;-o-background-size:cover;background-size:cover;padding: 0px 0px 0px 0px;\"><div class=\"imageframe-align-center\"><span class=\" fusion-imageframe imageframe-none imageframe-1 hover-type-none iconogris\" style=\"width:100%;max-width:120px;\"><img decoding=\"async\" width=\"256\" height=\"256\" title=\"entradasysalidas\" src=\"https:\/\/deportevirtual.com\/hercules\/wp-content\/uploads\/2019\/05\/entradasysalidas.png\" class=\"img-responsive wp-image-2024\" srcset=\"https:\/\/deportevirtual.com\/hercules\/wp-content\/uploads\/2019\/05\/entradasysalidas-200x200.png 200w, https:\/\/deportevirtual.com\/hercules\/wp-content\/uploads\/2019\/05\/entradasysalidas.png 256w\" sizes=\"(max-width: 1051px) 100vw, 256px\" \/><\/span><\/div><style type=\"text\/css\"><\/style><div class=\"fusion-title title fusion-title-1 fusion-sep-none fusion-title-center fusion-title-text fusion-title-size-four\" style=\"margin-top:0px;margin-bottom:31px;\"><h4 class=\"title-heading-center\" style=\"margin:0;\"><p><span style=\"font-weight: 400;\">Conozca con precisi\u00f3n la fecha de entrada y salida de cada grupo o persona en los juegos<br \/>\ny ordene los procesos log\u00edsticos.<\/span><\/p><\/h4><\/div><div class=\"fusion-clearfix\"><\/div><\/div><\/div><\/div><\/div><div class=\"fusion-fullwidth fullwidth-box fusion-builder-row-2 nonhundred-percent-fullwidth non-hundred-percent-height-scrolling\" style=\"background-color: #ffffff;background-position: center center;background-repeat: no-repeat;padding-top:50px;padding-right:0px;padding-bottom:20px;padding-left:0px;margin-bottom: 0px;margin-top: 0px;border-width: 1px 0px 1px 0px;border-color:#eae9e9;border-style:solid;\" ><div class=\"fusion-builder-row fusion-row\"><div class=\"fusion-layout-column fusion_builder_column fusion-builder-column-1 fusion_builder_column_1_2 1_2 fusion-one-half fusion-column-first\" style=\"width:50%;width:calc(50% - ( ( 4% ) * 0.5 ) );margin-right: 4%;margin-top:0px;margin-bottom:0px;\"><div class=\"fusion-column-wrapper fusion-flex-column-wrapper-legacy\" style=\"background-position:left top;background-repeat:no-repeat;-webkit-background-size:cover;-moz-background-size:cover;-o-background-size:cover;background-size:cover;padding: 0px 0px 0px 0px;\"><style type=\"text\/css\"><\/style><div class=\"fusion-title title fusion-title-2 fusion-sep-none fusion-title-text fusion-title-size-four\" style=\"margin-top:0px;margin-bottom:31px;\"><h4 class=\"title-heading-right\" style=\"margin:0;\"><span style=\"font-weight: 400;\">Principales Comisiones de trabajo de los juegos beneficiadas con este servicio: <\/span><\/h4><\/div><div class=\"fusion-clearfix\"><\/div><\/div><\/div><div class=\"fusion-layout-column fusion_builder_column fusion-builder-column-2 fusion_builder_column_1_2 1_2 fusion-one-half fusion-column-last\" style=\"width:50%;width:calc(50% - ( ( 4% ) * 0.5 ) );margin-top:-3px;margin-bottom:0px;\"><div class=\"fusion-column-wrapper fusion-flex-column-wrapper-legacy\" style=\"background-position:left top;background-repeat:no-repeat;-webkit-background-size:cover;-moz-background-size:cover;-o-background-size:cover;background-size:cover;padding: 0px 0px 0px 0px;\"><ul class=\"fusion-checklist fusion-checklist-1\" style=\"font-size:14px;line-height:23.8px;\"><li class=\"fusion-li-item\"><span style=\"height:23.8px;width:23.8px;margin-right:9.8px;\" class=\"icon-wrapper circle-no\"><i class=\"fusion-li-icon fa-check fas\" style=\"color:#ff9800;\" aria-hidden=\"true\"><\/i><\/span><div class=\"fusion-li-item-content\" style=\"margin-left:33.6px;\">\n<p><span style=\"font-weight: 400;\">Comisi\u00f3n de Protocolo<\/span><\/p>\n<\/div><\/li><li class=\"fusion-li-item\"><span style=\"height:23.8px;width:23.8px;margin-right:9.8px;\" class=\"icon-wrapper circle-no\"><i class=\"fusion-li-icon fa-check fas\" style=\"color:#ff9800;\" aria-hidden=\"true\"><\/i><\/span><div class=\"fusion-li-item-content\" style=\"margin-left:33.6px;\">\n<p><span style=\"font-weight: 400;\">Comisi\u00f3n T\u00e9cnica<\/span><\/p>\n<\/div><\/li><li class=\"fusion-li-item\"><span style=\"height:23.8px;width:23.8px;margin-right:9.8px;\" class=\"icon-wrapper circle-no\"><i class=\"fusion-li-icon fa-check fas\" style=\"color:#ff9800;\" aria-hidden=\"true\"><\/i><\/span><div class=\"fusion-li-item-content\" style=\"margin-left:33.6px;\">\n<p><span style=\"font-weight: 400;\">Comisi\u00f3n de transporte<\/span><\/p>\n<\/div><\/li><li class=\"fusion-li-item\"><span style=\"height:23.8px;width:23.8px;margin-right:9.8px;\" class=\"icon-wrapper circle-no\"><i class=\"fusion-li-icon fa-check fas\" style=\"color:#ff9800;\" aria-hidden=\"true\"><\/i><\/span><div class=\"fusion-li-item-content\" style=\"margin-left:33.6px;\">\n<p><span style=\"font-weight: 400;\">Comisi\u00f3n de hoteler\u00eda<\/span><\/p>\n<\/div><\/li><li class=\"fusion-li-item\"><span style=\"height:23.8px;width:23.8px;margin-right:9.8px;\" class=\"icon-wrapper circle-no\"><i class=\"fusion-li-icon fa-check fas\" style=\"color:#ff9800;\" aria-hidden=\"true\"><\/i><\/span><div class=\"fusion-li-item-content\" style=\"margin-left:33.6px;\">\n<p><span style=\"font-weight: 400;\">Comisi\u00f3n de alimentaci\u00f3n<\/span><\/p>\n<\/div><\/li><\/ul><div class=\"fusion-clearfix\"><\/div><\/div><\/div><\/div><\/div><div class=\"fusion-fullwidth fullwidth-box fusion-builder-row-3 nonhundred-percent-fullwidth non-hundred-percent-height-scrolling\" style=\"background-color: rgba(255,255,255,0);background-position: center center;background-repeat: no-repeat;padding-top:50px;padding-right:0px;padding-bottom:20px;padding-left:0px;margin-bottom: 0px;margin-top: 0px;border-width: 0px 0px 0px 0px;border-color:#eae9e9;border-style:solid;\" ><div class=\"fusion-builder-row fusion-row\"><div class=\"fusion-layout-column fusion_builder_column fusion-builder-column-3 fusion_builder_column_1_1 1_1 fusion-one-full fusion-column-first fusion-column-last\" style=\"margin-top:0px;margin-bottom:0px;\"><div class=\"fusion-column-wrapper fusion-flex-column-wrapper-legacy\" style=\"background-position:left top;background-repeat:no-repeat;-webkit-background-size:cover;-moz-background-size:cover;-o-background-size:cover;background-size:cover;padding: 0px 0px 0px 0px;\"><style type=\"text\/css\"><\/style><div class=\"fusion-title title fusion-title-3 fusion-title-center fusion-title-text fusion-title-size-three\" style=\"margin-top:0px;margin-bottom:31px;\"><div class=\"title-sep-container title-sep-container-left\"><div class=\"title-sep sep-single sep-solid\" style=\"border-color:#e0dede;\"><\/div><\/div><h3 class=\"title-heading-center\" style=\"margin:0;\">Caracter\u00edsticas de H\u00e9rcules\u2122<\/h3><div class=\"title-sep-container title-sep-container-right\"><div class=\"title-sep sep-single sep-solid\" style=\"border-color:#e0dede;\"><\/div><\/div><\/div><div class=\"fusion-flip-boxes flip-boxes row fusion-columns-3 flip-effect-classic equal-heights flipnormal iconogris\"><div class=\"fusion-flip-box-wrapper fusion-column col-lg-4 col-md-4 col-sm-4\"><div class=\"fusion-flip-box flip-right\" tabindex=\"0\"><div class=\"flip-box-inner-wrapper\"><div class=\"flip-box-front\" style=\"background-color:#f6f7fa;border-color:rgba(0,0,0,0);border-radius:4px;border-style:solid;border-width:1px;color:#607d8b;transition-duration:0.4s;\"><div class=\"flip-box-front-inner\"><div class=\"flip-box-grafix flip-box-image\"><img decoding=\"async\" src=\"https:\/\/deportevirtual.com\/hercules\/wp-content\/uploads\/2019\/05\/CHECKLIST.png\" width=\"80\" height=\"80\" alt=\"\" \/><\/div><h2 class=\"flip-box-heading without-text\" style=\"color:#607d8b;\">Registro de informaci\u00f3n de entradas y salidas<\/h2><\/div><\/div><div class=\"flip-box-back\" style=\"background-color:#1e2449;border-color:rgba(0,0,0,0);border-radius:4px;border-style:solid;border-width:1px;color:#ffffff;transition-duration:0.4s;\"><div class=\"flip-box-back-inner\">\n<p><span style=\"font-weight: 400;\">H\u00e9rcules\u2122 permite registrar la fecha de llegada y salida junto con el n\u00famero de vuelo. Este proceso puede realizarse durante la inscripci\u00f3n del participante o posteriormente en el caso que no se conozca a\u00fan la informaci\u00f3n.<\/span><\/p>\n<p><span style=\"font-weight: 400;\">La informaci\u00f3n puede registrarse de forma individual o masiva, si se trata de grupos que viajen juntos. El responsable de registrar la informaci\u00f3n es la persona encargada del proceso de inscripciones de cada grupo.<\/span><\/p>\n<\/div><\/div><\/div><\/div><\/div><div class=\"fusion-flip-box-wrapper fusion-column col-lg-4 col-md-4 col-sm-4\"><div class=\"fusion-flip-box flip-right\" tabindex=\"0\"><div class=\"flip-box-inner-wrapper\"><div class=\"flip-box-front\" style=\"background-color:#f6f7fa;border-color:rgba(0,0,0,0);border-radius:4px;border-style:solid;border-width:1px;color:#607d8b;transition-duration:0.4s;\"><div class=\"flip-box-front-inner\"><div class=\"flip-box-grafix flip-box-image\"><img decoding=\"async\" src=\"https:\/\/deportevirtual.com\/hercules\/wp-content\/uploads\/2019\/05\/vuelos.png\" width=\"80\" height=\"80\" alt=\"\" \/><\/div><h2 class=\"flip-box-heading without-text\" style=\"color:#607d8b;\">Para todo el personal que participa en los juegos <\/h2><\/div><\/div><div class=\"flip-box-back\" style=\"background-color:#1e2449;border-color:rgba(0,0,0,0);border-radius:4px;border-style:solid;border-width:1px;color:#ffffff;transition-duration:0.4s;\"><div class=\"flip-box-back-inner\">\n<p><span style=\"font-weight: 400;\">H\u00e9rcules\u2122 permite registrar la informaci\u00f3n de llegadas y salidas de delegaciones, comit\u00e9 organizador, juzgamiento, voluntarios, proveedores, patrocinadores, autoridades e invitados y prensa.<\/span><\/p>\n<\/div><\/div><\/div><\/div><\/div><div class=\"fusion-flip-box-wrapper fusion-column col-lg-4 col-md-4 col-sm-4\"><div class=\"fusion-flip-box flip-right\" tabindex=\"0\"><div class=\"flip-box-inner-wrapper\"><div class=\"flip-box-front\" style=\"background-color:#f6f7fa;border-color:rgba(0,0,0,0);border-radius:4px;border-style:solid;border-width:1px;color:#607d8b;transition-duration:0.4s;\"><div class=\"flip-box-front-inner\"><div class=\"flip-box-grafix flip-box-image\"><img decoding=\"async\" src=\"https:\/\/deportevirtual.com\/hercules\/wp-content\/uploads\/2019\/05\/cronograma.png\" width=\"80\" height=\"80\" alt=\"\" \/><\/div><h2 class=\"flip-box-heading without-text\" style=\"color:#607d8b;\">Generaci\u00f3n autom\u00e1tica del cronograma de entradas y salidas<\/h2><\/div><\/div><div class=\"flip-box-back\" style=\"background-color:#1e2449;border-color:rgba(0,0,0,0);border-radius:4px;border-style:solid;border-width:1px;color:#ffffff;transition-duration:0.4s;\"><div class=\"flip-box-back-inner\">\n<p><span style=\"font-weight: 400;\">H\u00e9rcules\u2122 genera instant\u00e1neamente el cronograma de entradas y salidas de los juegos, mostrando en forma ordenada y por grupos de inscripci\u00f3n los d\u00edas en los que llega y sale cada grupo. Cuenta con la opci\u00f3n de filtrar informaci\u00f3n por sedes, deportes y organizaciones. Tambi\u00e9n disponible por consulta individual. Esta informaci\u00f3n puede ser exportada a reportes de Excel o PDF.<\/span><\/p>\n<\/div><\/div><\/div><\/div><\/div><\/div><div class=\"clearfix\"><\/div><div class=\"fusion-clearfix\"><\/div><\/div><\/div><\/div><\/div><div class=\"fusion-fullwidth fullwidth-box fusion-builder-row-4 nonhundred-percent-fullwidth non-hundred-percent-height-scrolling\" style=\"background-color: #1e2449;background-position: center center;background-repeat: no-repeat;padding-top:50px;padding-right:0px;padding-bottom:20px;padding-left:0px;margin-bottom: 0px;margin-top: 0px;border-width: 0px 0px 0px 0px;border-color:#eae9e9;border-style:solid;\" ><div class=\"fusion-builder-row fusion-row\"><div class=\"fusion-layout-column fusion_builder_column fusion-builder-column-4 fusion_builder_column_1_1 1_1 fusion-one-full fusion-column-first fusion-column-last\" style=\"margin-top:0px;margin-bottom:0px;\"><div class=\"fusion-column-wrapper fusion-flex-column-wrapper-legacy\" style=\"background-position:left top;background-repeat:no-repeat;-webkit-background-size:cover;-moz-background-size:cover;-o-background-size:cover;background-size:cover;padding: 0px 0px 0px 0px;\"><div class=\"imageframe-align-center\"><span class=\" fusion-imageframe imageframe-none imageframe-2 hover-type-none\" style=\"width:100%;max-width:350px;\"><img decoding=\"async\" width=\"843\" height=\"191\" title=\"logo-hercules\" src=\"https:\/\/deportevirtual.com\/hercules\/wp-content\/uploads\/2016\/08\/logo-hercules.png\" class=\"img-responsive wp-image-693\" srcset=\"https:\/\/deportevirtual.com\/hercules\/wp-content\/uploads\/2016\/08\/logo-hercules-200x45.png 200w, https:\/\/deportevirtual.com\/hercules\/wp-content\/uploads\/2016\/08\/logo-hercules-400x91.png 400w, https:\/\/deportevirtual.com\/hercules\/wp-content\/uploads\/2016\/08\/logo-hercules-600x136.png 600w, https:\/\/deportevirtual.com\/hercules\/wp-content\/uploads\/2016\/08\/logo-hercules-800x181.png 800w, https:\/\/deportevirtual.com\/hercules\/wp-content\/uploads\/2016\/08\/logo-hercules.png 843w\" sizes=\"(max-width: 1051px) 100vw, 843px\" \/><\/span><\/div><div class=\"fusion-sep-clear\"><\/div><div class=\"fusion-separator fusion-full-width-sep\" style=\"margin-left: auto;margin-right: auto;margin-top:20px;width:100%;\"><\/div><div class=\"fusion-sep-clear\"><\/div><style type=\"text\/css\"><\/style><div class=\"fusion-title title fusion-title-4 fusion-sep-none fusion-title-center fusion-title-text fusion-title-size-four\" style=\"margin-top:0px;margin-bottom:31px;\"><h4 class=\"title-heading-center\" style=\"margin:0;color:#ffffff;\"><p><i><span style=\"font-weight: 400;\">La informaci\u00f3n generada por este m\u00f3dulo, permite que la organizaci\u00f3n de los juegos ofrezca<br \/>\nun servicio de primera, anticipando y preparando log\u00edstica de transporte, hoteles y alimentaci\u00f3n.<\/span><\/i><\/p><\/h4><\/div><div class=\"fusion-clearfix\"><\/div><\/div><\/div><\/div><\/div><div class=\"fusion-fullwidth fullwidth-box fusion-builder-row-5 fusion-parallax-fixed nonhundred-percent-fullwidth non-hundred-percent-height-scrolling\" style=\"background-color: rgba(255,255,255,0);background-image: url(&quot;https:\/\/deportevirtual.com\/hercules\/wp-content\/uploads\/2019\/05\/fondo-escenario.jpg&quot;);background-position: center center;background-repeat: no-repeat;padding-top:50px;padding-right:0px;padding-bottom:20px;padding-left:0px;margin-bottom: 0px;margin-top: 0px;border-width: 0px 0px 0px 0px;border-color:#eae9e9;border-style:solid;-webkit-background-size:cover;-moz-background-size:cover;-o-background-size:cover;background-size:cover;background-attachment:fixed;\" ><div class=\"fusion-builder-row fusion-row\"><div class=\"fusion-layout-column fusion_builder_column fusion-builder-column-5 fusion_builder_column_1_1 1_1 fusion-one-full fusion-column-first fusion-column-last\" style=\"margin-top:0px;margin-bottom:0px;\"><div class=\"fusion-column-wrapper fusion-flex-column-wrapper-legacy\" style=\"background-position:left top;background-repeat:no-repeat;-webkit-background-size:cover;-moz-background-size:cover;-o-background-size:cover;background-size:cover;padding: 0px 0px 0px 0px;\"><style type=\"text\/css\"><\/style><div class=\"fusion-title title fusion-title-5 fusion-title-center fusion-title-text fusion-title-size-three\" style=\"margin-top:0px;margin-bottom:31px;\"><div class=\"title-sep-container title-sep-container-left\"><div class=\"title-sep sep-single sep-solid\" style=\"border-color:#e0dede;\"><\/div><\/div><h3 class=\"title-heading-center\" style=\"margin:0;\">Servicios proporcionados por Deporte Virtual\u00ae<\/h3><div class=\"title-sep-container title-sep-container-right\"><div class=\"title-sep sep-single sep-solid\" style=\"border-color:#e0dede;\"><\/div><\/div><\/div><div class=\"fusion-flip-boxes flip-boxes row fusion-columns-1 flip-effect-classic equal-heights flipnormal iconogris\"><div class=\"fusion-flip-box-wrapper fusion-column col-lg-12 col-md-12 col-sm-12\"><div class=\"fusion-flip-box flip-down\" tabindex=\"0\"><div class=\"flip-box-inner-wrapper\"><div class=\"flip-box-front\" style=\"background-color:#f6f7fa;border-color:rgba(0,0,0,0);border-radius:4px;border-style:solid;border-width:1px;color:#607d8b;transition-duration:0.4s;\"><div class=\"flip-box-front-inner\"><div class=\"flip-box-grafix flip-box-image\"><img decoding=\"async\" src=\"https:\/\/deportevirtual.com\/hercules\/wp-content\/uploads\/2019\/05\/reunion.png\" width=\"80\" height=\"80\" alt=\"\" \/><\/div><h2 class=\"flip-box-heading without-text\" style=\"color:#607d8b;\">Capacitaci\u00f3n en el manejo del cronograma de entradas y salidas <\/h2><\/div><\/div><div class=\"flip-box-back\" style=\"background-color:#1e2449;border-color:rgba(0,0,0,0);border-radius:4px;border-style:solid;border-width:1px;color:#ffffff;transition-duration:0.4s;\"><div class=\"flip-box-back-inner\">\n<p><span style=\"font-weight: 400;\">Deporte Virtual\u2122 entrena al personal de la comisi\u00f3n de protocolo, en el manejo detallado de este m\u00f3dulo, permitiendo sacar la m\u00e1xima utilidad en la visualizaci\u00f3n de la informaci\u00f3n y la exportaci\u00f3n de reportes. <\/span><\/p>\n<\/div><\/div><\/div><\/div><\/div><\/div><div class=\"clearfix\"><\/div><div class=\"fusion-clearfix\"><\/div><\/div><\/div><\/div><\/div><\/p>\n","protected":false},"excerpt":{"rendered":"","protected":false},"author":1,"featured_media":0,"parent":1527,"menu_order":0,"comment_status":"closed","ping_status":"closed","template":"100-width.php","meta":{"footnotes":""},"class_list":["post-2016","page","type-page","status-publish","hentry"],"_links":{"self":[{"href":"https:\/\/deportevirtual.com\/hercules\/wp-json\/wp\/v2\/pages\/2016","targetHints":{"allow":["GET"]}}],"collection":[{"href":"https:\/\/deportevirtual.com\/hercules\/wp-json\/wp\/v2\/pages"}],"about":[{"href":"https:\/\/deportevirtual.com\/hercules\/wp-json\/wp\/v2\/types\/page"}],"author":[{"embeddable":true,"href":"https:\/\/deportevirtual.com\/hercules\/wp-json\/wp\/v2\/users\/1"}],"replies":[{"embeddable":true,"href":"https:\/\/deportevirtual.com\/hercules\/wp-json\/wp\/v2\/comments?post=2016"}],"version-history":[{"count":9,"href":"https:\/\/deportevirtual.com\/hercules\/wp-json\/wp\/v2\/pages\/2016\/revisions"}],"predecessor-version":[{"id":2341,"href":"https:\/\/deportevirtual.com\/hercules\/wp-json\/wp\/v2\/pages\/2016\/revisions\/2341"}],"up":[{"embeddable":true,"href":"https:\/\/deportevirtual.com\/hercules\/wp-json\/wp\/v2\/pages\/1527"}],"wp:attachment":[{"href":"https:\/\/deportevirtual.com\/hercules\/wp-json\/wp\/v2\/media?parent=2016"}],"curies":[{"name":"wp","href":"https:\/\/api.w.org\/{rel}","templated":true}]}}