{"id":1984,"date":"2019-05-14T09:48:46","date_gmt":"2019-05-14T14:48:46","guid":{"rendered":"https:\/\/deportevirtual.com\/hercules\/?page_id=1984"},"modified":"2019-05-21T10:31:22","modified_gmt":"2019-05-21T15:31:22","slug":"control-de-alimentacion","status":"publish","type":"page","link":"https:\/\/deportevirtual.com\/hercules\/mega-eventos-deportivos\/control-de-alimentacion\/","title":{"rendered":"Control de Alimentaci\u00f3n"},"content":{"rendered":"<p><div class=\"fusion-fullwidth fullwidth-box fusion-builder-row-1 nonhundred-percent-fullwidth non-hundred-percent-height-scrolling\" style=\"background-color: #f6f7fa;background-position: center center;background-repeat: no-repeat;padding-top:50px;padding-right:0px;padding-bottom:20px;padding-left:0px;margin-bottom: 0px;margin-top: 0px;border-width: 0px 0px 0px 0px;border-color:#eae9e9;border-style:solid;\" ><div class=\"fusion-builder-row fusion-row\"><div class=\"fusion-layout-column fusion_builder_column fusion-builder-column-0 fusion_builder_column_1_1 1_1 fusion-one-full fusion-column-first fusion-column-last\" style=\"margin-top:0px;margin-bottom:0px;\"><div class=\"fusion-column-wrapper fusion-flex-column-wrapper-legacy\" style=\"background-position:left top;background-repeat:no-repeat;-webkit-background-size:cover;-moz-background-size:cover;-o-background-size:cover;background-size:cover;padding: 0px 0px 0px 0px;\"><div class=\"imageframe-align-center\"><span class=\" fusion-imageframe imageframe-none imageframe-1 hover-type-none iconogris\" style=\"width:100%;max-width:120px;\"><img decoding=\"async\" width=\"256\" height=\"256\" title=\"comidas\" src=\"https:\/\/deportevirtual.com\/hercules\/wp-content\/uploads\/2019\/05\/comidas.png\" class=\"img-responsive wp-image-1832\" srcset=\"https:\/\/deportevirtual.com\/hercules\/wp-content\/uploads\/2019\/05\/comidas-200x200.png 200w, https:\/\/deportevirtual.com\/hercules\/wp-content\/uploads\/2019\/05\/comidas.png 256w\" sizes=\"(max-width: 1051px) 100vw, 256px\" \/><\/span><\/div><style type=\"text\/css\"><\/style><div class=\"fusion-title title fusion-title-1 fusion-sep-none fusion-title-center fusion-title-text fusion-title-size-four\" style=\"margin-top:0px;margin-bottom:31px;\"><h4 class=\"title-heading-center\" style=\"margin:0;\"><span style=\"font-weight: 400;\">Optimice los recursos de alimentaci\u00f3n manteniendo siempre el control y supervisi\u00f3n en todos los puestos de alimentaci\u00f3n de los juegos.<\/span><\/h4><\/div><div class=\"fusion-clearfix\"><\/div><\/div><\/div><\/div><\/div><div class=\"fusion-fullwidth fullwidth-box fusion-builder-row-2 nonhundred-percent-fullwidth non-hundred-percent-height-scrolling\" style=\"background-color: #ffffff;background-position: center center;background-repeat: no-repeat;padding-top:50px;padding-right:0px;padding-bottom:20px;padding-left:0px;margin-bottom: 0px;margin-top: 0px;border-width: 1px 0px 1px 0px;border-color:#eae9e9;border-style:solid;\" ><div class=\"fusion-builder-row fusion-row\"><div class=\"fusion-layout-column fusion_builder_column fusion-builder-column-1 fusion_builder_column_1_2 1_2 fusion-one-half fusion-column-first\" style=\"width:50%;width:calc(50% - ( ( 4% ) * 0.5 ) );margin-right: 4%;margin-top:0px;margin-bottom:0px;\"><div class=\"fusion-column-wrapper fusion-flex-column-wrapper-legacy\" style=\"background-position:left top;background-repeat:no-repeat;-webkit-background-size:cover;-moz-background-size:cover;-o-background-size:cover;background-size:cover;padding: 0px 0px 0px 0px;\"><style type=\"text\/css\"><\/style><div class=\"fusion-title title fusion-title-2 fusion-sep-none fusion-title-text fusion-title-size-four\" style=\"margin-top:0px;margin-bottom:31px;\"><h4 class=\"title-heading-right\" style=\"margin:0;\"><span style=\"font-weight: 400;\">Principales Comisiones de trabajo de los juegos beneficiadas con este servicio: <\/span><\/h4><\/div><div class=\"fusion-clearfix\"><\/div><\/div><\/div><div class=\"fusion-layout-column fusion_builder_column fusion-builder-column-2 fusion_builder_column_1_2 1_2 fusion-one-half fusion-column-last\" style=\"width:50%;width:calc(50% - ( ( 4% ) * 0.5 ) );margin-top:-3px;margin-bottom:0px;\"><div class=\"fusion-column-wrapper fusion-flex-column-wrapper-legacy\" style=\"background-position:left top;background-repeat:no-repeat;-webkit-background-size:cover;-moz-background-size:cover;-o-background-size:cover;background-size:cover;padding: 0px 0px 0px 0px;\"><ul class=\"fusion-checklist fusion-checklist-1\" style=\"font-size:14px;line-height:23.8px;\"><li class=\"fusion-li-item\"><span style=\"height:23.8px;width:23.8px;margin-right:9.8px;\" class=\"icon-wrapper circle-no\"><i class=\"fusion-li-icon fa-check fas\" style=\"color:#ff9800;\" aria-hidden=\"true\"><\/i><\/span><div class=\"fusion-li-item-content\" style=\"margin-left:33.6px;\">\n<p><span style=\"font-weight: 400;\">Comisi\u00f3n de Alimentaci\u00f3n<\/span><\/p>\n<\/div><\/li><\/ul><div class=\"fusion-clearfix\"><\/div><\/div><\/div><\/div><\/div><div class=\"fusion-fullwidth fullwidth-box fusion-builder-row-3 nonhundred-percent-fullwidth non-hundred-percent-height-scrolling\" style=\"background-color: rgba(255,255,255,0);background-position: center center;background-repeat: no-repeat;padding-top:50px;padding-right:0px;padding-bottom:20px;padding-left:0px;margin-bottom: 0px;margin-top: 0px;border-width: 0px 0px 0px 0px;border-color:#eae9e9;border-style:solid;\" ><div class=\"fusion-builder-row fusion-row\"><div class=\"fusion-layout-column fusion_builder_column fusion-builder-column-3 fusion_builder_column_1_1 1_1 fusion-one-full fusion-column-first fusion-column-last\" style=\"margin-top:0px;margin-bottom:0px;\"><div class=\"fusion-column-wrapper fusion-flex-column-wrapper-legacy\" style=\"background-position:left top;background-repeat:no-repeat;-webkit-background-size:cover;-moz-background-size:cover;-o-background-size:cover;background-size:cover;padding: 0px 0px 0px 0px;\"><style type=\"text\/css\"><\/style><div class=\"fusion-title title fusion-title-3 fusion-title-center fusion-title-text fusion-title-size-three\" style=\"margin-top:0px;margin-bottom:31px;\"><div class=\"title-sep-container title-sep-container-left\"><div class=\"title-sep sep-single sep-solid\" style=\"border-color:#e0dede;\"><\/div><\/div><h3 class=\"title-heading-center\" style=\"margin:0;\">Caracter\u00edsticas de H\u00e9rcules\u2122<\/h3><div class=\"title-sep-container title-sep-container-right\"><div class=\"title-sep sep-single sep-solid\" style=\"border-color:#e0dede;\"><\/div><\/div><\/div><div class=\"fusion-flip-boxes flip-boxes row fusion-columns-2 flip-effect-classic equal-heights flipnormal iconogris\"><div class=\"fusion-flip-box-wrapper fusion-column col-lg-6 col-md-6 col-sm-6\"><div class=\"fusion-flip-box flip-right\" tabindex=\"0\"><div class=\"flip-box-inner-wrapper\"><div class=\"flip-box-front\" style=\"background-color:#f6f7fa;border-color:rgba(0,0,0,0);border-radius:4px;border-style:solid;border-width:1px;color:#607d8b;transition-duration:0.4s;\"><div class=\"flip-box-front-inner\"><div class=\"flip-box-grafix flip-box-image\"><img decoding=\"async\" src=\"https:\/\/deportevirtual.com\/hercules\/wp-content\/uploads\/2019\/05\/horarios.png\" width=\"80\" height=\"80\" alt=\"\" \/><\/div><h2 class=\"flip-box-heading without-text\" style=\"color:#607d8b;\">Personalizaci\u00f3n de derechos por cada rol<\/h2><\/div><\/div><div class=\"flip-box-back\" style=\"background-color:#1e2449;border-color:rgba(0,0,0,0);border-radius:4px;border-style:solid;border-width:1px;color:#ffffff;transition-duration:0.4s;\"><div class=\"flip-box-back-inner\">\n<p><span style=\"font-weight: 400;\">Defina los tipos de alimentaci\u00f3n disponibles, los roles que tienen derecho a consumir y la frecuencia permitida de consumo. <\/span><\/p>\n<\/div><\/div><\/div><\/div><\/div><div class=\"fusion-flip-box-wrapper fusion-column col-lg-6 col-md-6 col-sm-6\"><div class=\"fusion-flip-box flip-right\" tabindex=\"0\"><div class=\"flip-box-inner-wrapper\"><div class=\"flip-box-front\" style=\"background-color:#f6f7fa;border-color:rgba(0,0,0,0);border-radius:4px;border-style:solid;border-width:1px;color:#607d8b;transition-duration:0.4s;\"><div class=\"flip-box-front-inner\"><div class=\"flip-box-grafix flip-box-image\"><img decoding=\"async\" src=\"https:\/\/deportevirtual.com\/hercules\/wp-content\/uploads\/2019\/05\/dieta.png\" width=\"80\" height=\"80\" alt=\"\" \/><\/div><h2 class=\"flip-box-heading without-text\" style=\"color:#607d8b;\">Control de acceso a alimentaci\u00f3n<\/h2><\/div><\/div><div class=\"flip-box-back\" style=\"background-color:#1e2449;border-color:rgba(0,0,0,0);border-radius:4px;border-style:solid;border-width:1px;color:#ffffff;transition-duration:0.4s;\"><div class=\"flip-box-back-inner\">\n<p><span style=\"font-weight: 400;\">Funciona mediante lectura del c\u00f3digo de barras de la acreditaci\u00f3n, permitiendo o restringiendo la entrega de alimentaci\u00f3n de cada persona. <\/span><\/p>\n<\/div><\/div><\/div><\/div><\/div><div class=\"fusion-flip-box-wrapper fusion-column col-lg-6 col-md-6 col-sm-6\"><div class=\"fusion-flip-box flip-right\" tabindex=\"0\"><div class=\"flip-box-inner-wrapper\"><div class=\"flip-box-front\" style=\"background-color:#f6f7fa;border-color:rgba(0,0,0,0);border-radius:4px;border-style:solid;border-width:1px;color:#607d8b;transition-duration:0.4s;\"><div class=\"flip-box-front-inner\"><div class=\"flip-box-grafix flip-box-image\"><img decoding=\"async\" src=\"https:\/\/deportevirtual.com\/hercules\/wp-content\/uploads\/2019\/05\/masiva.png\" width=\"80\" height=\"80\" alt=\"\" \/><\/div><h2 class=\"flip-box-heading without-text\" style=\"color:#607d8b;\">Entrega individual o masiva de alimentos <\/h2><\/div><\/div><div class=\"flip-box-back\" style=\"background-color:#1e2449;border-color:rgba(0,0,0,0);border-radius:4px;border-style:solid;border-width:1px;color:#ffffff;transition-duration:0.4s;\"><div class=\"flip-box-back-inner\">\n<p><span style=\"font-weight: 400;\">La entrega m\u00e1s com\u00fan es la individual en donde un participante presenta su acreditaci\u00f3n y el sistema valida sus derechos. Adicionalmente permite el registro de entregas masivas de alimentaci\u00f3n para los casos de repartici\u00f3n de alimentos tipo <\/span><b>refrigerio<\/b><span style=\"font-weight: 400;\"> en donde se entrega a un responsable al que se le cargan varios kits.<\/span><\/p>\n<\/div><\/div><\/div><\/div><\/div><div class=\"fusion-flip-box-wrapper fusion-column col-lg-6 col-md-6 col-sm-6\"><div class=\"fusion-flip-box flip-right\" tabindex=\"0\"><div class=\"flip-box-inner-wrapper\"><div class=\"flip-box-front\" style=\"background-color:#f6f7fa;border-color:rgba(0,0,0,0);border-radius:4px;border-style:solid;border-width:1px;color:#607d8b;transition-duration:0.4s;\"><div class=\"flip-box-front-inner\"><div class=\"flip-box-grafix flip-box-image\"><img decoding=\"async\" src=\"https:\/\/deportevirtual.com\/hercules\/wp-content\/uploads\/2019\/05\/horarios2.png\" width=\"80\" height=\"80\" alt=\"\" \/><\/div><h2 class=\"flip-box-heading without-text\" style=\"color:#607d8b;\">Reportes de alimentaci\u00f3n<\/h2><\/div><\/div><div class=\"flip-box-back\" style=\"background-color:#1e2449;border-color:rgba(0,0,0,0);border-radius:4px;border-style:solid;border-width:1px;color:#ffffff;transition-duration:0.4s;\"><div class=\"flip-box-back-inner\">\n<p><span style=\"font-weight: 400;\">H\u00e9rcules\u2122 permite consultar y exportar los reportes de alimentaci\u00f3n entregada por fechas, centros de alimentaci\u00f3n, delegaciones, tipo de alimento, roles o incluso personas.<\/span><\/p>\n<\/div><\/div><\/div><\/div><\/div><\/div><div class=\"clearfix\"><\/div><div class=\"fusion-clearfix\"><\/div><\/div><\/div><\/div><\/div><div class=\"fusion-fullwidth fullwidth-box fusion-builder-row-4 nonhundred-percent-fullwidth non-hundred-percent-height-scrolling\" style=\"background-color: #1e2449;background-position: center center;background-repeat: no-repeat;padding-top:50px;padding-right:0px;padding-bottom:20px;padding-left:0px;margin-bottom: 0px;margin-top: 0px;border-width: 0px 0px 0px 0px;border-color:#eae9e9;border-style:solid;\" ><div class=\"fusion-builder-row fusion-row\"><div class=\"fusion-layout-column fusion_builder_column fusion-builder-column-4 fusion_builder_column_1_1 1_1 fusion-one-full fusion-column-first fusion-column-last\" style=\"margin-top:0px;margin-bottom:0px;\"><div class=\"fusion-column-wrapper fusion-flex-column-wrapper-legacy\" style=\"background-position:left top;background-repeat:no-repeat;-webkit-background-size:cover;-moz-background-size:cover;-o-background-size:cover;background-size:cover;padding: 0px 0px 0px 0px;\"><div class=\"imageframe-align-center\"><span class=\" fusion-imageframe imageframe-none imageframe-2 hover-type-none\" style=\"width:100%;max-width:350px;\"><img decoding=\"async\" width=\"843\" height=\"191\" title=\"logo-hercules\" src=\"https:\/\/deportevirtual.com\/hercules\/wp-content\/uploads\/2016\/08\/logo-hercules.png\" class=\"img-responsive wp-image-693\" srcset=\"https:\/\/deportevirtual.com\/hercules\/wp-content\/uploads\/2016\/08\/logo-hercules-200x45.png 200w, https:\/\/deportevirtual.com\/hercules\/wp-content\/uploads\/2016\/08\/logo-hercules-400x91.png 400w, https:\/\/deportevirtual.com\/hercules\/wp-content\/uploads\/2016\/08\/logo-hercules-600x136.png 600w, https:\/\/deportevirtual.com\/hercules\/wp-content\/uploads\/2016\/08\/logo-hercules-800x181.png 800w, https:\/\/deportevirtual.com\/hercules\/wp-content\/uploads\/2016\/08\/logo-hercules.png 843w\" sizes=\"(max-width: 1051px) 100vw, 843px\" \/><\/span><\/div><div class=\"fusion-sep-clear\"><\/div><div class=\"fusion-separator fusion-full-width-sep\" style=\"margin-left: auto;margin-right: auto;margin-top:20px;width:100%;\"><\/div><div class=\"fusion-sep-clear\"><\/div><style type=\"text\/css\"><\/style><div class=\"fusion-title title fusion-title-4 fusion-sep-none fusion-title-center fusion-title-text fusion-title-size-four\" style=\"margin-top:0px;margin-bottom:31px;\"><h4 class=\"title-heading-center\" style=\"margin:0;color:#ffffff;\"><p><em><span style=\"font-weight: 400;\">100{1bc34df192c8ed4eda222420b19b40925e1a6b620a9de860890b8c188306d6a8} en l\u00ednea permite gestionar la alimentaci\u00f3n en <\/span><b>todos<\/b><span style=\"font-weight: 400;\"> los centros de alimentaci\u00f3n del evento,<br \/>\nincluyendo sedes principales, subsedes, villa o escenarios deportivos.<\/span><\/em><\/p><\/h4><\/div><div class=\"fusion-clearfix\"><\/div><\/div><\/div><\/div><\/div><div class=\"fusion-fullwidth fullwidth-box fusion-builder-row-5 fusion-parallax-fixed nonhundred-percent-fullwidth non-hundred-percent-height-scrolling\" style=\"background-color: rgba(255,255,255,0);background-image: url(&quot;https:\/\/deportevirtual.com\/hercules\/wp-content\/uploads\/2019\/05\/fondo-escenario.jpg&quot;);background-position: center center;background-repeat: no-repeat;padding-top:50px;padding-right:0px;padding-bottom:20px;padding-left:0px;margin-bottom: 0px;margin-top: 0px;border-width: 0px 0px 0px 0px;border-color:#eae9e9;border-style:solid;-webkit-background-size:cover;-moz-background-size:cover;-o-background-size:cover;background-size:cover;background-attachment:fixed;\" ><div class=\"fusion-builder-row fusion-row\"><div class=\"fusion-layout-column fusion_builder_column fusion-builder-column-5 fusion_builder_column_1_1 1_1 fusion-one-full fusion-column-first fusion-column-last\" style=\"margin-top:0px;margin-bottom:0px;\"><div class=\"fusion-column-wrapper fusion-flex-column-wrapper-legacy\" style=\"background-position:left top;background-repeat:no-repeat;-webkit-background-size:cover;-moz-background-size:cover;-o-background-size:cover;background-size:cover;padding: 0px 0px 0px 0px;\"><style type=\"text\/css\"><\/style><div class=\"fusion-title title fusion-title-5 fusion-title-center fusion-title-text fusion-title-size-three\" style=\"margin-top:0px;margin-bottom:31px;\"><div class=\"title-sep-container title-sep-container-left\"><div class=\"title-sep sep-single sep-solid\" style=\"border-color:#e0dede;\"><\/div><\/div><h3 class=\"title-heading-center\" style=\"margin:0;\">Servicios proporcionados por Deporte Virtual\u00ae<\/h3><div class=\"title-sep-container title-sep-container-right\"><div class=\"title-sep sep-single sep-solid\" style=\"border-color:#e0dede;\"><\/div><\/div><\/div><div class=\"fusion-flip-boxes flip-boxes row fusion-columns-3 flip-effect-classic equal-heights flipnormal iconogris\"><div class=\"fusion-flip-box-wrapper fusion-column col-lg-4 col-md-4 col-sm-4\"><div class=\"fusion-flip-box flip-right\" tabindex=\"0\"><div class=\"flip-box-inner-wrapper\"><div class=\"flip-box-front\" style=\"background-color:#f6f7fa;border-color:rgba(0,0,0,0);border-radius:4px;border-style:solid;border-width:1px;color:#607d8b;transition-duration:0.4s;\"><div class=\"flip-box-front-inner\"><div class=\"flip-box-grafix flip-box-image\"><img decoding=\"async\" src=\"https:\/\/deportevirtual.com\/hercules\/wp-content\/uploads\/2019\/05\/configura.png\" width=\"80\" height=\"80\" alt=\"\" \/><\/div><h2 class=\"flip-box-heading without-text\" style=\"color:#607d8b;\">Configuraci\u00f3n de reglas del proceso de alimentaci\u00f3n<\/h2><\/div><\/div><div class=\"flip-box-back\" style=\"background-color:#1e2449;border-color:rgba(0,0,0,0);border-radius:4px;border-style:solid;border-width:1px;color:#ffffff;transition-duration:0.4s;\"><div class=\"flip-box-back-inner\">\n<p><span style=\"font-weight: 400;\">Parametrizamos todas las reglas definidas por el comit\u00e9 organizador, garantizando que el control se haga eficientemente.<\/span><\/p>\n<\/div><\/div><\/div><\/div><\/div><div class=\"fusion-flip-box-wrapper fusion-column col-lg-4 col-md-4 col-sm-4\"><div class=\"fusion-flip-box flip-right\" tabindex=\"0\"><div class=\"flip-box-inner-wrapper\"><div class=\"flip-box-front\" style=\"background-color:#f6f7fa;border-color:rgba(0,0,0,0);border-radius:4px;border-style:solid;border-width:1px;color:#607d8b;transition-duration:0.4s;\"><div class=\"flip-box-front-inner\"><div class=\"flip-box-grafix flip-box-image\"><img decoding=\"async\" src=\"https:\/\/deportevirtual.com\/hercules\/wp-content\/uploads\/2019\/05\/punto-acceso.png\" width=\"80\" height=\"80\" alt=\"\" \/><\/div><h2 class=\"flip-box-heading without-text\" style=\"color:#607d8b;\">Implementaci\u00f3n de puntos de control<\/h2><\/div><\/div><div class=\"flip-box-back\" style=\"background-color:#1e2449;border-color:rgba(0,0,0,0);border-radius:4px;border-style:solid;border-width:1px;color:#ffffff;transition-duration:0.4s;\"><div class=\"flip-box-back-inner\">\n<p><span style=\"font-weight: 400;\">Suministramos las estaciones de control de alimentaci\u00f3n, incluyendo computadores, pistolas lectoras de c\u00f3digo de barras, conexi\u00f3n a internet y personal entrenado para realizar el control de alimentaci\u00f3n.<\/span><\/p>\n<\/div><\/div><\/div><\/div><\/div><div class=\"fusion-flip-box-wrapper fusion-column col-lg-4 col-md-4 col-sm-4\"><div class=\"fusion-flip-box flip-right\" tabindex=\"0\"><div class=\"flip-box-inner-wrapper\"><div class=\"flip-box-front\" style=\"background-color:#f6f7fa;border-color:rgba(0,0,0,0);border-radius:4px;border-style:solid;border-width:1px;color:#607d8b;transition-duration:0.4s;\"><div class=\"flip-box-front-inner\"><div class=\"flip-box-grafix flip-box-image\"><img decoding=\"async\" src=\"https:\/\/deportevirtual.com\/hercules\/wp-content\/uploads\/2019\/05\/reporte.png\" width=\"80\" height=\"80\" alt=\"\" \/><\/div><h2 class=\"flip-box-heading without-text\" style=\"color:#607d8b;\">Informes detallados y personalizados de alimentaci\u00f3n<\/h2><\/div><\/div><div class=\"flip-box-back\" style=\"background-color:#1e2449;border-color:rgba(0,0,0,0);border-radius:4px;border-style:solid;border-width:1px;color:#ffffff;transition-duration:0.4s;\"><div class=\"flip-box-back-inner\">\n<p><span style=\"font-weight: 400;\">Adaptamos los reportes generados por H\u00e9rcules\u2122 a las necesidades particulares del comit\u00e9 organizador de los juegos, entregando documentos que soportan el gasto y la gesti\u00f3n del \u00e1rea de alimentaci\u00f3n de los juegos.<\/span><\/p>\n<\/div><\/div><\/div><\/div><\/div><\/div><div class=\"clearfix\"><\/div><div class=\"fusion-clearfix\"><\/div><\/div><\/div><\/div><\/div><div class=\"fusion-fullwidth fullwidth-box fusion-builder-row-6 nonhundred-percent-fullwidth non-hundred-percent-height-scrolling\" style=\"background-color: #1e2449;background-position: center center;background-repeat: no-repeat;padding-top:50px;padding-right:0px;padding-bottom:20px;padding-left:0px;margin-bottom: 0px;margin-top: 0px;border-width: 0px 0px 0px 0px;border-color:#eae9e9;border-style:solid;\" ><div class=\"fusion-builder-row fusion-row\"><div class=\"fusion-layout-column fusion_builder_column fusion-builder-column-6 fusion_builder_column_1_1 1_1 fusion-one-full fusion-column-first fusion-column-last\" style=\"margin-top:0px;margin-bottom:0px;\"><div class=\"fusion-column-wrapper fusion-flex-column-wrapper-legacy\" style=\"background-position:left top;background-repeat:no-repeat;-webkit-background-size:cover;-moz-background-size:cover;-o-background-size:cover;background-size:cover;padding: 0px 0px 0px 0px;\"><style type=\"text\/css\"><\/style><div class=\"fusion-title title fusion-title-6 fusion-sep-none fusion-title-center fusion-title-text fusion-title-size-four\" style=\"margin-top:0px;margin-bottom:31px;\"><h4 class=\"title-heading-center\" style=\"margin:0;color:#ffffff;\"><i><span style=\"font-weight: 400;\">Nos encargamos de todos los detalles necesarios para realizar el control de alimentaci\u00f3n.<\/span><\/i><\/h4><\/div><div class=\"fusion-clearfix\"><\/div><\/div><\/div><\/div><\/div><\/p>\n","protected":false},"excerpt":{"rendered":"","protected":false},"author":1,"featured_media":0,"parent":1527,"menu_order":0,"comment_status":"closed","ping_status":"closed","template":"100-width.php","meta":{"footnotes":""},"class_list":["post-1984","page","type-page","status-publish","hentry"],"_links":{"self":[{"href":"https:\/\/deportevirtual.com\/hercules\/wp-json\/wp\/v2\/pages\/1984","targetHints":{"allow":["GET"]}}],"collection":[{"href":"https:\/\/deportevirtual.com\/hercules\/wp-json\/wp\/v2\/pages"}],"about":[{"href":"https:\/\/deportevirtual.com\/hercules\/wp-json\/wp\/v2\/types\/page"}],"author":[{"embeddable":true,"href":"https:\/\/deportevirtual.com\/hercules\/wp-json\/wp\/v2\/users\/1"}],"replies":[{"embeddable":true,"href":"https:\/\/deportevirtual.com\/hercules\/wp-json\/wp\/v2\/comments?post=1984"}],"version-history":[{"count":10,"href":"https:\/\/deportevirtual.com\/hercules\/wp-json\/wp\/v2\/pages\/1984\/revisions"}],"predecessor-version":[{"id":2339,"href":"https:\/\/deportevirtual.com\/hercules\/wp-json\/wp\/v2\/pages\/1984\/revisions\/2339"}],"up":[{"embeddable":true,"href":"https:\/\/deportevirtual.com\/hercules\/wp-json\/wp\/v2\/pages\/1527"}],"wp:attachment":[{"href":"https:\/\/deportevirtual.com\/hercules\/wp-json\/wp\/v2\/media?parent=1984"}],"curies":[{"name":"wp","href":"https:\/\/api.w.org\/{rel}","templated":true}]}}